{"id":5,"date":"2015-10-21T03:08:42","date_gmt":"2015-10-21T03:08:42","guid":{"rendered":"http:\/\/demo.themeton.com\/nrgagency\/?page_id=5"},"modified":"2020-11-08T20:57:45","modified_gmt":"2020-11-08T17:57:45","slug":"home-page","status":"publish","type":"page","link":"https:\/\/perdeci.net\/lazer-perdeler\/","title":{"rendered":"Home page"},"content":{"rendered":"<p>[vc_row one_page_section=&#8221;yes&#8221; one_page_label=&#8221;home&#8221; one_page_slug=&#8221;home&#8221; css=&#8221;.vc_custom_1603671703381{margin-bottom: 0px !important;}&#8221;][vc_column][rev_slider_vc alias=&#8221;welcome&#8221;][\/vc_column][\/vc_row][vc_row full_width=&#8221;stretch_row&#8221; one_page_section=&#8221;yes&#8221; css=&#8221;.vc_custom_1603670715773{margin-bottom: 0px !important;padding-top: 140px !important;padding-bottom: 140px !important;background-color: #f4f4f6 !important;}&#8221;][vc_column][vc_column_text]<a href=\"https:\/\/perdeci.net\/lazer-perdeler\/\"><img loading=\"lazy\" class=\"alignnone size-medium wp-image-1687\" src=\"https:\/\/perdeci.net\/lazer-perdeler\/wp-content\/uploads\/2020\/11\/coollogo_com-3301862-300x42.png\" alt=\"\" width=\"300\" height=\"42\" srcset=\"https:\/\/perdeci.net\/lazer-perdeler\/wp-content\/uploads\/2020\/11\/coollogo_com-3301862-300x42.png 300w, https:\/\/perdeci.net\/lazer-perdeler\/wp-content\/uploads\/2020\/11\/coollogo_com-3301862.png 730w\" sizes=\"(max-width: 300px) 100vw, 300px\" \/><\/a><\/p>\n<p>2021 MODASI \u00d6zel Lazer\u00a0 Kesimli Perde Modelleri.<\/p>\n<p>T\u00fcrkiye\u2019nin en g\u00fczel LAZER KES\u0130ML\u0130 PERDE \u00dcRET\u0130C\u0130S\u0130 OLARAK,<\/p>\n<p>size \u00f6zel tasar\u0131mlar \u00fcretiyoruz. Bize whatsapp dan pencere foto\u011fraf\u0131n\u0131z\u0131 veya \u00f6l\u00e7\u00fcleriniz yollarsan\u0131z,<\/p>\n<p>hem fiyat hemde fikir alabilirsiniz..<\/p>\n<p>0553 833 93 53 whatsapp<\/p>\n<p>Lazer Kesim ile \u00fcretilen Perdelerinizin i\u00e7inden ge\u00e7en I\u015f\u0131k odan\u0131za Hayat Verecek, Can verecek, \u015eekil verecek&#8230;<\/p>\n<p>25 Y\u0131ll\u0131k Perdeci.net tecr\u00fcbesinden yararlan\u0131n&#8230;<\/p>\n<p><span style=\"color: #ff0000;\"><strong><a style=\"color: #ff0000;\" href=\"http:\/\/www.perdeci.net\">Di\u011fer t\u00fcm Perde \u00c7e\u015fitleri g\u00f6rmek i\u00e7in l\u00fctfen bu linki t\u0131klay\u0131n\u0131z<\/a>\u00a0<\/strong><\/span><\/p>\n<p><a href=\"http:\/\/www.perdeci.net\"><img loading=\"lazy\" class=\"alignnone size-medium wp-image-1642\" src=\"https:\/\/perdeci.net\/lazer-perdeler\/wp-content\/uploads\/2020\/11\/perdecinet-lazer-300x63.png\" alt=\"\" width=\"300\" height=\"63\" srcset=\"https:\/\/perdeci.net\/lazer-perdeler\/wp-content\/uploads\/2020\/11\/perdecinet-lazer-300x63.png 300w, https:\/\/perdeci.net\/lazer-perdeler\/wp-content\/uploads\/2020\/11\/perdecinet-lazer-1024x214.png 1024w, https:\/\/perdeci.net\/lazer-perdeler\/wp-content\/uploads\/2020\/11\/perdecinet-lazer-768x160.png 768w, https:\/\/perdeci.net\/lazer-perdeler\/wp-content\/uploads\/2020\/11\/perdecinet-lazer.png 1131w\" sizes=\"(max-width: 300px) 100vw, 300px\" \/><\/a>[\/vc_column_text][\/vc_column][\/vc_row][vc_row css=&#8221;.vc_custom_1603751348217{padding-left: 20px !important;}&#8221;][vc_column width=&#8221;1\/4&#8243;][vc_single_image image=&#8221;1618&#8243; img_size=&#8221;large&#8221; onclick=&#8221;custom_link&#8221; img_link_target=&#8221;_blank&#8221; link=&#8221;https:\/\/perdeci.net\/lazer-perdeler\/lazer-perde-modelleri\/&#8221;][\/vc_column][vc_column width=&#8221;1\/4&#8243;][vc_single_image image=&#8221;1619&#8243; img_size=&#8221;large&#8221; onclick=&#8221;custom_link&#8221; link=&#8221;https:\/\/perdeci.net\/lazer-perdeler\/klasik-lazer-stor-perde&#8221;][\/vc_column][vc_column width=&#8221;1\/4&#8243;][vc_single_image image=&#8221;1620&#8243; img_size=&#8221;large&#8221; onclick=&#8221;custom_link&#8221; link=&#8221;https:\/\/perdeci.net\/lazer-perdeler\/modern-lazer-stor-perde&#8221;][\/vc_column][vc_column width=&#8221;1\/4&#8243;][vc_single_image image=&#8221;1621&#8243; img_size=&#8221;large&#8221; onclick=&#8221;custom_link&#8221; link=&#8221;https:\/\/perdeci.net\/lazer-perdeler\/lazer-japon-panel-perde&#8221;][\/vc_column][\/vc_row][vc_row css=&#8221;.vc_custom_1603751348217{padding-left: 20px !important;}&#8221;][vc_column width=&#8221;1\/4&#8243;][vc_single_image image=&#8221;1623&#8243; img_size=&#8221;large&#8221; onclick=&#8221;custom_link&#8221; img_link_target=&#8221;_blank&#8221; link=&#8221;https:\/\/perdeci.net\/lazer-perdeler\/lazer-japon-kumas-fon-perde\/&#8221;][\/vc_column][vc_column width=&#8221;1\/4&#8243;][vc_single_image image=&#8221;1624&#8243; img_size=&#8221;large&#8221; onclick=&#8221;custom_link&#8221; link=&#8221;https:\/\/perdeci.net\/lazer-perdeler\/lazer-dikey-perde&#8221;][\/vc_column][vc_column width=&#8221;1\/4&#8243;][vc_single_image image=&#8221;1625&#8243; img_size=&#8221;large&#8221; onclick=&#8221;custom_link&#8221; link=&#8221;https:\/\/perdeci.net\/lazer-perdeler\/lazer-cocuk-perde&#8221;][\/vc_column][vc_column width=&#8221;1\/4&#8243;][vc_single_image image=&#8221;1626&#8243; img_size=&#8221;large&#8221; onclick=&#8221;custom_link&#8221; link=&#8221;https:\/\/perdeci.net\/lazer-perdeler\/lazer-stor-fon-perde&#8221;][\/vc_column][\/vc_row][vc_row css=&#8221;.vc_custom_1603751348217{padding-left: 20px !important;}&#8221;][vc_column width=&#8221;1\/4&#8243;][vc_single_image image=&#8221;1627&#8243; img_size=&#8221;large&#8221; onclick=&#8221;custom_link&#8221; img_link_target=&#8221;_blank&#8221; link=&#8221;https:\/\/perdeci.net\/lazer-perdeler\/lazer-varakli-perdeler&#8221;][\/vc_column][vc_column width=&#8221;1\/4&#8243;][vc_single_image image=&#8221;1628&#8243; img_size=&#8221;large&#8221; onclick=&#8221;custom_link&#8221; link=&#8221;https:\/\/perdeci.net\/lazer-perdeler\/lazer-logolu-perde\/&#8221;][\/vc_column][vc_column width=&#8221;1\/4&#8243;][vc_single_image image=&#8221;1629&#8243; img_size=&#8221;large&#8221; onclick=&#8221;custom_link&#8221; link=&#8221;https:\/\/perdeci.net\/lazer-perdeler\/lazer-ve-baskili-dijital-perde\/&#8221;][\/vc_column][vc_column width=&#8221;1\/4&#8243;][vc_single_image image=&#8221;1630&#8243; img_size=&#8221;large&#8221; onclick=&#8221;custom_link&#8221; link=&#8221;https:\/\/perdeci.net\/lazer-perdeler\/sehir-desenli-lazer-perde\/&#8221;][\/vc_column][\/vc_row][vc_row css=&#8221;.vc_custom_1603751348217{padding-left: 20px !important;}&#8221;][vc_column width=&#8221;1\/4&#8243;][vc_single_image image=&#8221;1631&#8243; img_size=&#8221;large&#8221; onclick=&#8221;custom_link&#8221; link=&#8221;https:\/\/perdeci.net\/lazer-perdeler\/lazer-bolmeli-perde&#8221;][\/vc_column][vc_column width=&#8221;1\/4&#8243;][vc_single_image image=&#8221;1632&#8243; img_size=&#8221;large&#8221; onclick=&#8221;custom_link&#8221; link=&#8221;https:\/\/perdeci.net\/lazer-perdeler\/lazer-jaluzi-perde&#8221;][\/vc_column][vc_column width=&#8221;1\/4&#8243;][vc_single_image image=&#8221;1633&#8243; img_size=&#8221;large&#8221; onclick=&#8221;custom_link&#8221; link=&#8221;https:\/\/perdeci.net\/lazer-perdeler\/lazer-perde-desenleri\/&#8221;][\/vc_column][vc_column width=&#8221;1\/4&#8243;][vc_single_image image=&#8221;1593&#8243; img_size=&#8221;large&#8221; onclick=&#8221;custom_link&#8221; link=&#8221;http:\/\/www.perdeci.net&#8221;][\/vc_column][\/vc_row]<\/p>\n","protected":false},"excerpt":{"rendered":"<p>[vc_row one_page_section=&#8221;yes&#8221; one_page_label=&#8221;home&#8221; one_page_slug=&#8221;home&#8221; css=&#8221;.vc_custom_1603671703381{margin-bottom: 0px !important;}&#8221;][vc_column][rev_slider_vc alias=&#8221;welcome&#8221;][\/vc_column][\/vc_row][vc_row full_width=&#8221;stretch_row&#8221; one_page_section=&#8221;yes&#8221; css=&#8221;.vc_custom_1603670715773{margin-bottom: 0px !important;padding-top: 140px !important;padding-bottom: 140px !important;background-color: #f4f4f6 !important;}&#8221;][vc_column][vc_column_text]<\/p>\n<p>2021 MODASI \u00d6zel Lazer\u00a0 Kesimli Perde Modelleri.<\/p>\n<p>T\u00fcrkiye\u2019nin en g\u00fczel LAZER KES\u0130ML\u0130 PERDE \u00dcRET\u0130C\u0130S\u0130 OLARAK,<\/p>\n<p>size \u00f6zel tasar\u0131mlar \u00fcretiyoruz. Bize whatsapp dan pencere foto\u011fraf\u0131n\u0131z\u0131 veya \u00f6l\u00e7\u00fcleriniz yollarsan\u0131z,<\/p>\n<p>hem fiyat hemde fikir alabilirsiniz..<\/p>\n<p>0553 833 93 53 whatsapp<\/p>\n<p>Lazer Kesim ile \u00fcretilen Perdelerinizin i\u00e7inden ge\u00e7en I\u015f\u0131k odan\u0131za Hayat Verecek, Can verecek, \u015eekil verecek&#8230;<\/p>\n<p>25 Y\u0131ll\u0131k Perdeci.net tecr\u00fcbesinden yararlan\u0131n&#8230;<\/p>\n<p>Di\u011fer t\u00fcm Perde \u00c7e\u015fitleri g\u00f6rmek i\u00e7in l\u00fctfen bu linki t\u0131klay\u0131n\u0131z\u00a0<\/p>\n<p>[\/vc_column_text][\/vc_column][\/vc_row][vc_row css=&#8221;.vc_custom_1603751348217{padding-left: 20px [&#8230;]<\/p>\n","protected":false},"author":1,"featured_media":0,"parent":0,"menu_order":0,"comment_status":"closed","ping_status":"closed","template":"","meta":[],"_links":{"self":[{"href":"https:\/\/perdeci.net\/lazer-perdeler\/wp-json\/wp\/v2\/pages\/5"}],"collection":[{"href":"https:\/\/perdeci.net\/lazer-perdeler\/wp-json\/wp\/v2\/pages"}],"about":[{"href":"https:\/\/perdeci.net\/lazer-perdeler\/wp-json\/wp\/v2\/types\/page"}],"author":[{"embeddable":true,"href":"https:\/\/perdeci.net\/lazer-perdeler\/wp-json\/wp\/v2\/users\/1"}],"replies":[{"embeddable":true,"href":"https:\/\/perdeci.net\/lazer-perdeler\/wp-json\/wp\/v2\/comments?post=5"}],"version-history":[{"count":46,"href":"https:\/\/perdeci.net\/lazer-perdeler\/wp-json\/wp\/v2\/pages\/5\/revisions"}],"predecessor-version":[{"id":272,"href":"https:\/\/perdeci.net\/lazer-perdeler\/wp-json\/wp\/v2\/pages\/5\/revisions\/272"}],"wp:attachment":[{"href":"https:\/\/perdeci.net\/lazer-perdeler\/wp-json\/wp\/v2\/media?parent=5"}],"curies":[{"name":"wp","href":"https:\/\/api.w.org\/{rel}","templated":true}]}}