{"id":239,"date":"2020-10-28T22:52:26","date_gmt":"2020-10-28T19:52:26","guid":{"rendered":"https:\/\/perdeci.net\/lazer-perdeler\/?page_id=239"},"modified":"2020-11-08T18:01:36","modified_gmt":"2020-11-08T15:01:36","slug":"sehir-desenli-lazer-perde","status":"publish","type":"page","link":"https:\/\/perdeci.net\/lazer-perdeler\/sehir-desenli-lazer-perde\/","title":{"rendered":"\u015eehir Desenli Lazer Perde"},"content":{"rendered":"<p>[vc_row one_page_section=&#8221;yes&#8221; one_page_label=&#8221;home&#8221; one_page_slug=&#8221;home&#8221; css=&#8221;.vc_custom_1603671703381{margin-bottom: 0px !important;}&#8221;][vc_column][rev_slider_vc alias=&#8221;welcome&#8221;][\/vc_column][\/vc_row][vc_row full_width=&#8221;stretch_row&#8221; one_page_section=&#8221;yes&#8221; css=&#8221;.vc_custom_1603670715773{margin-bottom: 0px !important;padding-top: 140px !important;padding-bottom: 140px !important;background-color: #f4f4f6 !important;}&#8221;][vc_column][vc_column_text]<\/p>\n<h2 style=\"color: #35373e; font-size: 40px; margin-bottom: 26px;\">\u015eehir Desenli Lazer Perde<\/h2>\n<p>T\u00fcrkiye\u2019nin en g\u00fczel LAZER KES\u0130ML\u0130 STOR PERDE \u0130MALAT\u00c7ISI OLARAK<\/p>\n<p>size \u00f6zel tasar\u0131mlar \u00fcretiyoruz. bize whatsapp dan pencere foto\u011fraf\u0131n\u0131z\u0131 veya \u00f6l\u00e7\u00fcleriniz yollay\u0131n\u0131z<\/p>\n<p>hem fiyat hemde fikir alabilirsiniz.. whatsapp 0553 833 93 53<\/p>\n<p><strong><span style=\"color: #ff0000;\"><a style=\"color: #ff0000;\" href=\"http:\/\/www.perdeci.net\">Di\u011fer T\u00fcm Perde \u00c7e\u015fitlerini G\u00f6rmek \u0130\u00e7in Bu Linki T\u0131klay\u0131n\u0131z..<\/a><\/span><\/strong><\/p>\n<p><a href=\"http:\/\/www.perdeci.net\"><img loading=\"lazy\" class=\"alignnone size-medium wp-image-1642\" src=\"https:\/\/perdeci.net\/lazer-perdeler\/wp-content\/uploads\/2020\/11\/perdecinet-lazer-300x63.png\" alt=\"\" width=\"300\" height=\"63\" srcset=\"https:\/\/perdeci.net\/lazer-perdeler\/wp-content\/uploads\/2020\/11\/perdecinet-lazer-300x63.png 300w, https:\/\/perdeci.net\/lazer-perdeler\/wp-content\/uploads\/2020\/11\/perdecinet-lazer-1024x214.png 1024w, https:\/\/perdeci.net\/lazer-perdeler\/wp-content\/uploads\/2020\/11\/perdecinet-lazer-768x160.png 768w, https:\/\/perdeci.net\/lazer-perdeler\/wp-content\/uploads\/2020\/11\/perdecinet-lazer.png 1131w\" sizes=\"(max-width: 300px) 100vw, 300px\" \/><\/a>[\/vc_column_text][\/vc_column][\/vc_row][vc_row css=&#8221;.vc_custom_1603751348217{padding-left: 20px !important;}&#8221;][vc_column][vc_wp_text]<\/p>\n<div class=\"foogallery foogallery-container foogallery-default foogallery-lightbox-foobox fg-gutter-10 fg-center fg-default fg-light fg-border-thin fg-shadow-outline fg-loading-default fg-loaded-fade-in fg-caption-hover fg-hover-fade fg-hover-zoom\" id=\"foogallery-gallery-974\" data-foogallery=\"{&quot;item&quot;:{&quot;showCaptionTitle&quot;:true,&quot;showCaptionDescription&quot;:true},&quot;lazy&quot;:true,&quot;src&quot;:&quot;data-src-fg&quot;,&quot;srcset&quot;:&quot;data-srcset-fg&quot;}\" data-fg-common-fields=\"1\" >\r\n\t<div class=\"fg-item\"><figure class=\"fg-item-inner\"><a href=\"https:\/\/perdeci.net\/lazer-perdeler\/wp-content\/uploads\/2020\/11\/sehir-desenli-lazer-kesim-stor-perde-city-laser-cut-roller-blinds-Turkey-laser-cut-out-blinds_01.jpg\" data-attachment-id=\"975\" class=\"fg-thumb\"><span class=\"fg-image-wrap\"><img width=\"300\" height=\"300\" data-src-fg=\"https:\/\/perdeci.net\/lazer-perdeler\/wp-content\/uploads\/cache\/2020\/11\/sehir-desenli-lazer-kesim-stor-perde-city-laser-cut-roller-blinds-Turkey-laser-cut-out-blinds_01\/1685443518.jpg\" class=\"fg-image\" \/><\/span><\/a><figcaption class=\"fg-caption\"><div class=\"fg-caption-inner\"><\/div><\/figcaption><\/figure><div class=\"fg-loader\"><\/div><\/div><div class=\"fg-item\"><figure class=\"fg-item-inner\"><a href=\"https:\/\/perdeci.net\/lazer-perdeler\/wp-content\/uploads\/2020\/11\/sehir-desenli-lazer-kesim-stor-perde-city-laser-cut-roller-blinds-Turkey-laser-cut-out-blinds_03.jpg\" data-attachment-id=\"976\" class=\"fg-thumb\"><span class=\"fg-image-wrap\"><img width=\"300\" height=\"300\" data-src-fg=\"https:\/\/perdeci.net\/lazer-perdeler\/wp-content\/uploads\/cache\/2020\/11\/sehir-desenli-lazer-kesim-stor-perde-city-laser-cut-roller-blinds-Turkey-laser-cut-out-blinds_03\/2841148228.jpg\" class=\"fg-image\" \/><\/span><\/a><figcaption class=\"fg-caption\"><div class=\"fg-caption-inner\"><\/div><\/figcaption><\/figure><div class=\"fg-loader\"><\/div><\/div><div class=\"fg-item\"><figure class=\"fg-item-inner\"><a href=\"https:\/\/perdeci.net\/lazer-perdeler\/wp-content\/uploads\/2020\/11\/sehir-desenli-lazer-kesim-stor-perde-city-laser-cut-roller-blinds-Turkey-laser-cut-out-blinds_04.jpg\" data-attachment-id=\"977\" class=\"fg-thumb\"><span class=\"fg-image-wrap\"><img width=\"300\" height=\"300\" data-src-fg=\"https:\/\/perdeci.net\/lazer-perdeler\/wp-content\/uploads\/cache\/2020\/11\/sehir-desenli-lazer-kesim-stor-perde-city-laser-cut-roller-blinds-Turkey-laser-cut-out-blinds_04\/3647280928.jpg\" class=\"fg-image\" \/><\/span><\/a><figcaption class=\"fg-caption\"><div class=\"fg-caption-inner\"><\/div><\/figcaption><\/figure><div class=\"fg-loader\"><\/div><\/div><div class=\"fg-item\"><figure class=\"fg-item-inner\"><a href=\"https:\/\/perdeci.net\/lazer-perdeler\/wp-content\/uploads\/2020\/11\/sehir-desenli-lazer-kesim-stor-perde-city-laser-cut-roller-blinds-Turkey-laser-cut-out-blinds_05.jpg\" data-attachment-id=\"978\" class=\"fg-thumb\"><span class=\"fg-image-wrap\"><img width=\"300\" height=\"300\" data-src-fg=\"https:\/\/perdeci.net\/lazer-perdeler\/wp-content\/uploads\/cache\/2020\/11\/sehir-desenli-lazer-kesim-stor-perde-city-laser-cut-roller-blinds-Turkey-laser-cut-out-blinds_05\/3413511398.jpg\" class=\"fg-image\" \/><\/span><\/a><figcaption class=\"fg-caption\"><div class=\"fg-caption-inner\"><\/div><\/figcaption><\/figure><div class=\"fg-loader\"><\/div><\/div><div class=\"fg-item\"><figure class=\"fg-item-inner\"><a href=\"https:\/\/perdeci.net\/lazer-perdeler\/wp-content\/uploads\/2020\/11\/sehir-desenli-lazer-kesim-stor-perde-city-laser-cut-roller-blinds-Turkey-laser-cut-out-blinds_06.jpg\" data-attachment-id=\"979\" class=\"fg-thumb\"><span class=\"fg-image-wrap\"><img width=\"300\" height=\"300\" data-src-fg=\"https:\/\/perdeci.net\/lazer-perdeler\/wp-content\/uploads\/cache\/2020\/11\/sehir-desenli-lazer-kesim-stor-perde-city-laser-cut-roller-blinds-Turkey-laser-cut-out-blinds_06\/1057058424.jpg\" class=\"fg-image\" \/><\/span><\/a><figcaption class=\"fg-caption\"><div class=\"fg-caption-inner\"><\/div><\/figcaption><\/figure><div class=\"fg-loader\"><\/div><\/div><div class=\"fg-item\"><figure class=\"fg-item-inner\"><a href=\"https:\/\/perdeci.net\/lazer-perdeler\/wp-content\/uploads\/2020\/11\/sehir-desenli-lazer-kesim-stor-perde-city-laser-cut-roller-blinds-Turkey-laser-cut-out-blinds_07.jpg\" data-attachment-id=\"980\" class=\"fg-thumb\"><span class=\"fg-image-wrap\"><img width=\"300\" height=\"300\" data-src-fg=\"https:\/\/perdeci.net\/lazer-perdeler\/wp-content\/uploads\/cache\/2020\/11\/sehir-desenli-lazer-kesim-stor-perde-city-laser-cut-roller-blinds-Turkey-laser-cut-out-blinds_07\/2367441964.jpg\" class=\"fg-image\" \/><\/span><\/a><figcaption class=\"fg-caption\"><div class=\"fg-caption-inner\"><\/div><\/figcaption><\/figure><div class=\"fg-loader\"><\/div><\/div><div class=\"fg-item\"><figure class=\"fg-item-inner\"><a href=\"https:\/\/perdeci.net\/lazer-perdeler\/wp-content\/uploads\/2020\/11\/sehir-desenli-lazer-kesim-stor-perde-city-laser-cut-roller-blinds-Turkey-laser-cut-out-blinds_09.jpg\" data-attachment-id=\"981\" class=\"fg-thumb\"><span class=\"fg-image-wrap\"><img width=\"300\" height=\"300\" data-src-fg=\"https:\/\/perdeci.net\/lazer-perdeler\/wp-content\/uploads\/cache\/2020\/11\/sehir-desenli-lazer-kesim-stor-perde-city-laser-cut-roller-blinds-Turkey-laser-cut-out-blinds_09\/3798874979.jpg\" class=\"fg-image\" \/><\/span><\/a><figcaption class=\"fg-caption\"><div class=\"fg-caption-inner\"><\/div><\/figcaption><\/figure><div class=\"fg-loader\"><\/div><\/div><div class=\"fg-item\"><figure class=\"fg-item-inner\"><a href=\"https:\/\/perdeci.net\/lazer-perdeler\/wp-content\/uploads\/2020\/11\/sehir-desenli-lazer-kesim-stor-perde-city-laser-cut-roller-blinds-Turkey-laser-cut-out-blinds_10.jpg\" data-attachment-id=\"982\" class=\"fg-thumb\"><span class=\"fg-image-wrap\"><img width=\"300\" height=\"300\" data-src-fg=\"https:\/\/perdeci.net\/lazer-perdeler\/wp-content\/uploads\/cache\/2020\/11\/sehir-desenli-lazer-kesim-stor-perde-city-laser-cut-roller-blinds-Turkey-laser-cut-out-blinds_10\/1699912588.jpg\" class=\"fg-image\" \/><\/span><\/a><figcaption class=\"fg-caption\"><div class=\"fg-caption-inner\"><\/div><\/figcaption><\/figure><div class=\"fg-loader\"><\/div><\/div><div class=\"fg-item\"><figure class=\"fg-item-inner\"><a href=\"https:\/\/perdeci.net\/lazer-perdeler\/wp-content\/uploads\/2020\/11\/sehir-desenli-lazer-kesim-stor-perde-city-laser-cut-roller-blinds-Turkey-laser-cut-out-blinds_11.jpg\" data-attachment-id=\"983\" class=\"fg-thumb\"><span class=\"fg-image-wrap\"><img width=\"300\" height=\"300\" data-src-fg=\"https:\/\/perdeci.net\/lazer-perdeler\/wp-content\/uploads\/cache\/2020\/11\/sehir-desenli-lazer-kesim-stor-perde-city-laser-cut-roller-blinds-Turkey-laser-cut-out-blinds_11\/3540057711.jpg\" class=\"fg-image\" \/><\/span><\/a><figcaption class=\"fg-caption\"><div class=\"fg-caption-inner\"><\/div><\/figcaption><\/figure><div class=\"fg-loader\"><\/div><\/div><div class=\"fg-item\"><figure class=\"fg-item-inner\"><a href=\"https:\/\/perdeci.net\/lazer-perdeler\/wp-content\/uploads\/2020\/11\/sehir-desenli-lazer-kesim-stor-perde-city-laser-cut-roller-blinds-Turkey-laser-cut-out-blinds_12.jpg\" data-attachment-id=\"984\" class=\"fg-thumb\"><span class=\"fg-image-wrap\"><img width=\"300\" height=\"300\" data-src-fg=\"https:\/\/perdeci.net\/lazer-perdeler\/wp-content\/uploads\/cache\/2020\/11\/sehir-desenli-lazer-kesim-stor-perde-city-laser-cut-roller-blinds-Turkey-laser-cut-out-blinds_12\/3793208766.jpg\" class=\"fg-image\" \/><\/span><\/a><figcaption class=\"fg-caption\"><div class=\"fg-caption-inner\"><\/div><\/figcaption><\/figure><div class=\"fg-loader\"><\/div><\/div><div class=\"fg-item\"><figure class=\"fg-item-inner\"><a href=\"https:\/\/perdeci.net\/lazer-perdeler\/wp-content\/uploads\/2020\/11\/sehir-desenli-lazer-kesim-stor-perde-city-laser-cut-roller-blinds-Turkey-laser-cut-out-blinds_13.jpg\" data-attachment-id=\"985\" class=\"fg-thumb\"><span class=\"fg-image-wrap\"><img width=\"300\" height=\"300\" data-src-fg=\"https:\/\/perdeci.net\/lazer-perdeler\/wp-content\/uploads\/cache\/2020\/11\/sehir-desenli-lazer-kesim-stor-perde-city-laser-cut-roller-blinds-Turkey-laser-cut-out-blinds_13\/1413849181.jpg\" class=\"fg-image\" \/><\/span><\/a><figcaption class=\"fg-caption\"><div class=\"fg-caption-inner\"><\/div><\/figcaption><\/figure><div class=\"fg-loader\"><\/div><\/div><div class=\"fg-item\"><figure class=\"fg-item-inner\"><a href=\"https:\/\/perdeci.net\/lazer-perdeler\/wp-content\/uploads\/2020\/11\/sehir-desenli-lazer-kesim-stor-perde-city-laser-cut-roller-blinds-Turkey-laser-cut-out-blinds_14.jpg\" data-attachment-id=\"986\" class=\"fg-thumb\"><span class=\"fg-image-wrap\"><img width=\"300\" height=\"300\" data-src-fg=\"https:\/\/perdeci.net\/lazer-perdeler\/wp-content\/uploads\/cache\/2020\/11\/sehir-desenli-lazer-kesim-stor-perde-city-laser-cut-roller-blinds-Turkey-laser-cut-out-blinds_14\/3515352771.jpg\" class=\"fg-image\" \/><\/span><\/a><figcaption class=\"fg-caption\"><div class=\"fg-caption-inner\"><\/div><\/figcaption><\/figure><div class=\"fg-loader\"><\/div><\/div><div class=\"fg-item\"><figure class=\"fg-item-inner\"><a href=\"https:\/\/perdeci.net\/lazer-perdeler\/wp-content\/uploads\/2020\/11\/sehir-desenli-lazer-kesim-stor-perde-city-laser-cut-roller-blinds-Turkey-laser-cut-out-blinds_15.jpg\" data-attachment-id=\"987\" class=\"fg-thumb\"><span class=\"fg-image-wrap\"><img width=\"300\" height=\"300\" data-src-fg=\"https:\/\/perdeci.net\/lazer-perdeler\/wp-content\/uploads\/cache\/2020\/11\/sehir-desenli-lazer-kesim-stor-perde-city-laser-cut-roller-blinds-Turkey-laser-cut-out-blinds_15\/1742365472.jpg\" class=\"fg-image\" \/><\/span><\/a><figcaption class=\"fg-caption\"><div class=\"fg-caption-inner\"><\/div><\/figcaption><\/figure><div class=\"fg-loader\"><\/div><\/div><div class=\"fg-item\"><figure class=\"fg-item-inner\"><a href=\"https:\/\/perdeci.net\/lazer-perdeler\/wp-content\/uploads\/2020\/11\/sehir-desenli-lazer-kesim-stor-perde-city-laser-cut-roller-blinds-Turkey-laser-cut-out-blinds_16.jpg\" data-attachment-id=\"988\" class=\"fg-thumb\"><span class=\"fg-image-wrap\"><img width=\"300\" height=\"300\" data-src-fg=\"https:\/\/perdeci.net\/lazer-perdeler\/wp-content\/uploads\/cache\/2020\/11\/sehir-desenli-lazer-kesim-stor-perde-city-laser-cut-roller-blinds-Turkey-laser-cut-out-blinds_16\/938246043.jpg\" class=\"fg-image\" \/><\/span><\/a><figcaption class=\"fg-caption\"><div class=\"fg-caption-inner\"><\/div><\/figcaption><\/figure><div class=\"fg-loader\"><\/div><\/div><div class=\"fg-item\"><figure class=\"fg-item-inner\"><a href=\"https:\/\/perdeci.net\/lazer-perdeler\/wp-content\/uploads\/2020\/11\/sehir-desenli-lazer-kesim-stor-perde-city-laser-cut-roller-blinds-Turkey-laser-cut-out-blinds_17.jpg\" data-attachment-id=\"989\" class=\"fg-thumb\"><span class=\"fg-image-wrap\"><img width=\"300\" height=\"300\" data-src-fg=\"https:\/\/perdeci.net\/lazer-perdeler\/wp-content\/uploads\/cache\/2020\/11\/sehir-desenli-lazer-kesim-stor-perde-city-laser-cut-roller-blinds-Turkey-laser-cut-out-blinds_17\/2176719480.jpg\" class=\"fg-image\" \/><\/span><\/a><figcaption class=\"fg-caption\"><div class=\"fg-caption-inner\"><\/div><\/figcaption><\/figure><div class=\"fg-loader\"><\/div><\/div><div class=\"fg-item\"><figure class=\"fg-item-inner\"><a href=\"https:\/\/perdeci.net\/lazer-perdeler\/wp-content\/uploads\/2020\/11\/sehir-desenli-lazer-kesim-stor-perde-city-laser-cut-roller-blinds-Turkey-laser-cut-out-blinds_18.jpg\" data-attachment-id=\"990\" class=\"fg-thumb\"><span class=\"fg-image-wrap\"><img width=\"300\" height=\"300\" data-src-fg=\"https:\/\/perdeci.net\/lazer-perdeler\/wp-content\/uploads\/cache\/2020\/11\/sehir-desenli-lazer-kesim-stor-perde-city-laser-cut-roller-blinds-Turkey-laser-cut-out-blinds_18\/1837743911.jpg\" class=\"fg-image\" \/><\/span><\/a><figcaption class=\"fg-caption\"><div class=\"fg-caption-inner\"><\/div><\/figcaption><\/figure><div class=\"fg-loader\"><\/div><\/div><div class=\"fg-item\"><figure class=\"fg-item-inner\"><a href=\"https:\/\/perdeci.net\/lazer-perdeler\/wp-content\/uploads\/2020\/11\/sehir-desenli-lazer-kesim-stor-perde-city-laser-cut-roller-blinds-Turkey-laser-cut-out-blinds_19.jpg\" data-attachment-id=\"991\" class=\"fg-thumb\"><span class=\"fg-image-wrap\"><img width=\"300\" height=\"300\" data-src-fg=\"https:\/\/perdeci.net\/lazer-perdeler\/wp-content\/uploads\/cache\/2020\/11\/sehir-desenli-lazer-kesim-stor-perde-city-laser-cut-roller-blinds-Turkey-laser-cut-out-blinds_19\/3688618692.jpg\" class=\"fg-image\" \/><\/span><\/a><figcaption class=\"fg-caption\"><div class=\"fg-caption-inner\"><\/div><\/figcaption><\/figure><div class=\"fg-loader\"><\/div><\/div><div class=\"fg-item\"><figure class=\"fg-item-inner\"><a href=\"https:\/\/perdeci.net\/lazer-perdeler\/wp-content\/uploads\/2020\/11\/sehir-desenli-lazer-kesim-stor-perde-city-laser-cut-roller-blinds-Turkey-laser-cut-out-blinds_20.jpg\" data-attachment-id=\"992\" class=\"fg-thumb\"><span class=\"fg-image-wrap\"><img width=\"300\" height=\"300\" data-src-fg=\"https:\/\/perdeci.net\/lazer-perdeler\/wp-content\/uploads\/cache\/2020\/11\/sehir-desenli-lazer-kesim-stor-perde-city-laser-cut-roller-blinds-Turkey-laser-cut-out-blinds_20\/1913737901.jpg\" class=\"fg-image\" \/><\/span><\/a><figcaption class=\"fg-caption\"><div class=\"fg-caption-inner\"><\/div><\/figcaption><\/figure><div class=\"fg-loader\"><\/div><\/div><div class=\"fg-item\"><figure class=\"fg-item-inner\"><a href=\"https:\/\/perdeci.net\/lazer-perdeler\/wp-content\/uploads\/2020\/11\/sehir-desenli-lazer-kesim-stor-perde-city-laser-cut-roller-blinds-Turkey-laser-cut-out-blinds_21.jpg\" data-attachment-id=\"993\" class=\"fg-thumb\"><span class=\"fg-image-wrap\"><img width=\"300\" height=\"300\" data-src-fg=\"https:\/\/perdeci.net\/lazer-perdeler\/wp-content\/uploads\/cache\/2020\/11\/sehir-desenli-lazer-kesim-stor-perde-city-laser-cut-roller-blinds-Turkey-laser-cut-out-blinds_21\/3292739406.jpg\" class=\"fg-image\" \/><\/span><\/a><figcaption class=\"fg-caption\"><div class=\"fg-caption-inner\"><\/div><\/figcaption><\/figure><div class=\"fg-loader\"><\/div><\/div><div class=\"fg-item\"><figure class=\"fg-item-inner\"><a href=\"https:\/\/perdeci.net\/lazer-perdeler\/wp-content\/uploads\/2020\/11\/sehir-desenli-lazer-kesim-stor-perde-city-laser-cut-roller-blinds-Turkey-laser-cut-out-blinds_22.jpg\" data-attachment-id=\"994\" class=\"fg-thumb\"><span class=\"fg-image-wrap\"><img width=\"300\" height=\"300\" data-src-fg=\"https:\/\/perdeci.net\/lazer-perdeler\/wp-content\/uploads\/cache\/2020\/11\/sehir-desenli-lazer-kesim-stor-perde-city-laser-cut-roller-blinds-Turkey-laser-cut-out-blinds_22\/4115926175.jpg\" class=\"fg-image\" \/><\/span><\/a><figcaption class=\"fg-caption\"><div class=\"fg-caption-inner\"><\/div><\/figcaption><\/figure><div class=\"fg-loader\"><\/div><\/div><div class=\"fg-item\"><figure class=\"fg-item-inner\"><a href=\"https:\/\/perdeci.net\/lazer-perdeler\/wp-content\/uploads\/2020\/11\/sehir-desenli-lazer-kesim-stor-perde-city-laser-cut-roller-blinds-Turkey-laser-cut-out-blinds_23.jpg\" data-attachment-id=\"995\" class=\"fg-thumb\"><span class=\"fg-image-wrap\"><img width=\"300\" height=\"300\" data-src-fg=\"https:\/\/perdeci.net\/lazer-perdeler\/wp-content\/uploads\/cache\/2020\/11\/sehir-desenli-lazer-kesim-stor-perde-city-laser-cut-roller-blinds-Turkey-laser-cut-out-blinds_23\/1124493692.jpg\" class=\"fg-image\" \/><\/span><\/a><figcaption class=\"fg-caption\"><div class=\"fg-caption-inner\"><\/div><\/figcaption><\/figure><div class=\"fg-loader\"><\/div><\/div><div class=\"fg-item\"><figure class=\"fg-item-inner\"><a href=\"https:\/\/perdeci.net\/lazer-perdeler\/wp-content\/uploads\/2020\/11\/sehir-desenli-lazer-kesim-stor-perde-city-laser-cut-roller-blinds-Turkey-laser-cut-out-blinds_24.jpg\" data-attachment-id=\"996\" class=\"fg-thumb\"><span class=\"fg-image-wrap\"><img width=\"300\" height=\"300\" data-src-fg=\"https:\/\/perdeci.net\/lazer-perdeler\/wp-content\/uploads\/cache\/2020\/11\/sehir-desenli-lazer-kesim-stor-perde-city-laser-cut-roller-blinds-Turkey-laser-cut-out-blinds_24\/3335245794.jpg\" class=\"fg-image\" \/><\/span><\/a><figcaption class=\"fg-caption\"><div class=\"fg-caption-inner\"><\/div><\/figcaption><\/figure><div class=\"fg-loader\"><\/div><\/div><div class=\"fg-item\"><figure class=\"fg-item-inner\"><a href=\"https:\/\/perdeci.net\/lazer-perdeler\/wp-content\/uploads\/2020\/11\/sehir-desenli-lazer-kesim-stor-perde-city-laser-cut-roller-blinds-Turkey-laser-cut-out-blinds_25.jpg\" data-attachment-id=\"997\" class=\"fg-thumb\"><span class=\"fg-image-wrap\"><img width=\"300\" height=\"300\" data-src-fg=\"https:\/\/perdeci.net\/lazer-perdeler\/wp-content\/uploads\/cache\/2020\/11\/sehir-desenli-lazer-kesim-stor-perde-city-laser-cut-roller-blinds-Turkey-laser-cut-out-blinds_25\/1889118721.jpg\" class=\"fg-image\" \/><\/span><\/a><figcaption class=\"fg-caption\"><div class=\"fg-caption-inner\"><\/div><\/figcaption><\/figure><div class=\"fg-loader\"><\/div><\/div><div class=\"fg-item\"><figure class=\"fg-item-inner\"><a href=\"https:\/\/perdeci.net\/lazer-perdeler\/wp-content\/uploads\/2020\/11\/sehir-desenli-lazer-kesim-stor-perde-city-laser-cut-roller-blinds-Turkey-laser-cut-out-blinds_26.jpg\" data-attachment-id=\"998\" class=\"fg-thumb\"><span class=\"fg-image-wrap\"><img width=\"300\" height=\"300\" data-src-fg=\"https:\/\/perdeci.net\/lazer-perdeler\/wp-content\/uploads\/cache\/2020\/11\/sehir-desenli-lazer-kesim-stor-perde-city-laser-cut-roller-blinds-Turkey-laser-cut-out-blinds_26\/548386490.jpg\" class=\"fg-image\" \/><\/span><\/a><figcaption class=\"fg-caption\"><div class=\"fg-caption-inner\"><\/div><\/figcaption><\/figure><div class=\"fg-loader\"><\/div><\/div><div class=\"fg-item\"><figure class=\"fg-item-inner\"><a href=\"https:\/\/perdeci.net\/lazer-perdeler\/wp-content\/uploads\/2020\/11\/sehir-desenli-lazer-kesim-stor-perde-city-laser-cut-roller-blinds-Turkey-laser-cut-out-blinds_27.jpg\" data-attachment-id=\"999\" class=\"fg-thumb\"><span class=\"fg-image-wrap\"><img width=\"300\" height=\"300\" data-src-fg=\"https:\/\/perdeci.net\/lazer-perdeler\/wp-content\/uploads\/cache\/2020\/11\/sehir-desenli-lazer-kesim-stor-perde-city-laser-cut-roller-blinds-Turkey-laser-cut-out-blinds_27\/2533217113.jpg\" class=\"fg-image\" \/><\/span><\/a><figcaption class=\"fg-caption\"><div class=\"fg-caption-inner\"><\/div><\/figcaption><\/figure><div class=\"fg-loader\"><\/div><\/div><\/div>\r\n\n<p>[\/vc_wp_text][\/vc_column][\/vc_row]<\/p>\n","protected":false},"excerpt":{"rendered":"<p>[vc_row one_page_section=&#8221;yes&#8221; one_page_label=&#8221;home&#8221; one_page_slug=&#8221;home&#8221; css=&#8221;.vc_custom_1603671703381{margin-bottom: 0px !important;}&#8221;][vc_column][rev_slider_vc alias=&#8221;welcome&#8221;][\/vc_column][\/vc_row][vc_row full_width=&#8221;stretch_row&#8221; one_page_section=&#8221;yes&#8221; css=&#8221;.vc_custom_1603670715773{margin-bottom: 0px !important;padding-top: 140px !important;padding-bottom: 140px !important;background-color: #f4f4f6 !important;}&#8221;][vc_column][vc_column_text]<\/p>\n<p>\u015eehir Desenli Lazer Perde<\/p>\n<p>T\u00fcrkiye\u2019nin en g\u00fczel LAZER KES\u0130ML\u0130 STOR PERDE \u0130MALAT\u00c7ISI OLARAK<\/p>\n<p>size \u00f6zel tasar\u0131mlar \u00fcretiyoruz. bize whatsapp dan pencere foto\u011fraf\u0131n\u0131z\u0131 veya \u00f6l\u00e7\u00fcleriniz yollay\u0131n\u0131z<\/p>\n<p>hem fiyat hemde fikir alabilirsiniz.. whatsapp 0553 833 93 53<\/p>\n<p>Di\u011fer T\u00fcm Perde \u00c7e\u015fitlerini G\u00f6rmek \u0130\u00e7in Bu Linki T\u0131klay\u0131n\u0131z..<\/p>\n<p>[\/vc_column_text][\/vc_column][\/vc_row][vc_row css=&#8221;.vc_custom_1603751348217{padding-left: 20px !important;}&#8221;][vc_column][vc_wp_text]<\/p>\n<p>[\/vc_wp_text][\/vc_column][\/vc_row]<\/p>\n","protected":false},"author":1,"featured_media":0,"parent":0,"menu_order":0,"comment_status":"closed","ping_status":"closed","template":"","meta":[],"_links":{"self":[{"href":"https:\/\/perdeci.net\/lazer-perdeler\/wp-json\/wp\/v2\/pages\/239"}],"collection":[{"href":"https:\/\/perdeci.net\/lazer-perdeler\/wp-json\/wp\/v2\/pages"}],"about":[{"href":"https:\/\/perdeci.net\/lazer-perdeler\/wp-json\/wp\/v2\/types\/page"}],"author":[{"embeddable":true,"href":"https:\/\/perdeci.net\/lazer-perdeler\/wp-json\/wp\/v2\/users\/1"}],"replies":[{"embeddable":true,"href":"https:\/\/perdeci.net\/lazer-perdeler\/wp-json\/wp\/v2\/comments?post=239"}],"version-history":[{"count":4,"href":"https:\/\/perdeci.net\/lazer-perdeler\/wp-json\/wp\/v2\/pages\/239\/revisions"}],"predecessor-version":[{"id":1681,"href":"https:\/\/perdeci.net\/lazer-perdeler\/wp-json\/wp\/v2\/pages\/239\/revisions\/1681"}],"wp:attachment":[{"href":"https:\/\/perdeci.net\/lazer-perdeler\/wp-json\/wp\/v2\/media?parent=239"}],"curies":[{"name":"wp","href":"https:\/\/api.w.org\/{rel}","templated":true}]}}