{"id":233,"date":"2020-10-28T22:51:01","date_gmt":"2020-10-28T19:51:01","guid":{"rendered":"https:\/\/perdeci.net\/lazer-perdeler\/?page_id=233"},"modified":"2020-11-08T18:00:47","modified_gmt":"2020-11-08T15:00:47","slug":"lazer-logolu-perde","status":"publish","type":"page","link":"https:\/\/perdeci.net\/lazer-perdeler\/lazer-logolu-perde\/","title":{"rendered":"Lazer Logolu Perde"},"content":{"rendered":"<p>[vc_row one_page_section=&#8221;yes&#8221; one_page_label=&#8221;home&#8221; one_page_slug=&#8221;home&#8221; css=&#8221;.vc_custom_1603671703381{margin-bottom: 0px !important;}&#8221;][vc_column][rev_slider_vc alias=&#8221;welcome&#8221;][\/vc_column][\/vc_row][vc_row full_width=&#8221;stretch_row&#8221; one_page_section=&#8221;yes&#8221; css=&#8221;.vc_custom_1603670715773{margin-bottom: 0px !important;padding-top: 140px !important;padding-bottom: 140px !important;background-color: #f4f4f6 !important;}&#8221;][vc_column][vc_column_text]<\/p>\n<h2 style=\"color: #35373e; font-size: 40px; margin-bottom: 26px;\">Lazer Logolu veya Yaz\u0131l\u0131 Perde<\/h2>\n<p>T\u00fcrkiye\u2019nin en g\u00fczel LAZER KES\u0130ML\u0130 STOR PERDE \u0130MALAT\u00c7ISI OLARAK<\/p>\n<p>size \u00f6zel tasar\u0131mlar \u00fcretiyoruz. bize whatsapp dan pencere foto\u011fraf\u0131n\u0131z\u0131 veya \u00f6l\u00e7\u00fcleriniz yollay\u0131n\u0131z<\/p>\n<p>hem fiyat hemde fikir alabilirsiniz.. whatsapp 0553 833 93 53<\/p>\n<p><strong><span style=\"color: #ff0000;\"><a style=\"color: #ff0000;\" href=\"http:\/\/www.perdeci.net\">Di\u011fer T\u00fcm Perde \u00c7e\u015fitlerini G\u00f6rmek \u0130\u00e7in Bu Linki T\u0131klay\u0131n\u0131z..<\/a><\/span><\/strong><\/p>\n<p><a href=\"http:\/\/www.perdeci.net\"><img loading=\"lazy\" class=\"alignnone size-medium wp-image-1642\" src=\"https:\/\/perdeci.net\/lazer-perdeler\/wp-content\/uploads\/2020\/11\/perdecinet-lazer-300x63.png\" alt=\"\" width=\"300\" height=\"63\" srcset=\"https:\/\/perdeci.net\/lazer-perdeler\/wp-content\/uploads\/2020\/11\/perdecinet-lazer-300x63.png 300w, https:\/\/perdeci.net\/lazer-perdeler\/wp-content\/uploads\/2020\/11\/perdecinet-lazer-1024x214.png 1024w, https:\/\/perdeci.net\/lazer-perdeler\/wp-content\/uploads\/2020\/11\/perdecinet-lazer-768x160.png 768w, https:\/\/perdeci.net\/lazer-perdeler\/wp-content\/uploads\/2020\/11\/perdecinet-lazer.png 1131w\" sizes=\"(max-width: 300px) 100vw, 300px\" \/><\/a>[\/vc_column_text][\/vc_column][\/vc_row][vc_row css=&#8221;.vc_custom_1603751348217{padding-left: 20px !important;}&#8221;][vc_column][vc_column_text]<\/p>\n<div class=\"foogallery foogallery-container foogallery-default foogallery-lightbox-foobox fg-gutter-10 fg-center fg-default fg-light fg-border-thin fg-shadow-outline fg-loading-default fg-loaded-fade-in fg-caption-hover fg-hover-fade fg-hover-zoom\" id=\"foogallery-gallery-930\" data-foogallery=\"{&quot;item&quot;:{&quot;showCaptionTitle&quot;:true,&quot;showCaptionDescription&quot;:true},&quot;lazy&quot;:true,&quot;src&quot;:&quot;data-src-fg&quot;,&quot;srcset&quot;:&quot;data-srcset-fg&quot;}\" data-fg-common-fields=\"1\" >\r\n\t<div class=\"fg-item\"><figure class=\"fg-item-inner\"><a href=\"https:\/\/perdeci.net\/lazer-perdeler\/wp-content\/uploads\/2020\/11\/lazer-kesme-logolu-stor-perde-lazer-kesim-perde-modelleri-fon-tul-brillant-delikli-laser-cut-_1.jpg\" data-attachment-id=\"931\" class=\"fg-thumb\"><span class=\"fg-image-wrap\"><img width=\"300\" height=\"300\" data-src-fg=\"https:\/\/perdeci.net\/lazer-perdeler\/wp-content\/uploads\/cache\/2020\/11\/lazer-kesme-logolu-stor-perde-lazer-kesim-perde-modelleri-fon-tul-brillant-delikli-laser-cut-_1\/2320387443.jpg\" class=\"fg-image\" \/><\/span><\/a><figcaption class=\"fg-caption\"><div class=\"fg-caption-inner\"><\/div><\/figcaption><\/figure><div class=\"fg-loader\"><\/div><\/div><div class=\"fg-item\"><figure class=\"fg-item-inner\"><a href=\"https:\/\/perdeci.net\/lazer-perdeler\/wp-content\/uploads\/2020\/11\/lazer-kesme-logolu-stor-perde-lazer-kesim-perde-modelleri-fon-tul-brillant-delikli-laser-cut-_2.jpg\" data-attachment-id=\"932\" class=\"fg-thumb\"><span class=\"fg-image-wrap\"><img width=\"300\" height=\"300\" data-src-fg=\"https:\/\/perdeci.net\/lazer-perdeler\/wp-content\/uploads\/cache\/2020\/11\/lazer-kesme-logolu-stor-perde-lazer-kesim-perde-modelleri-fon-tul-brillant-delikli-laser-cut-_2\/1777349196.jpg\" class=\"fg-image\" \/><\/span><\/a><figcaption class=\"fg-caption\"><div class=\"fg-caption-inner\"><\/div><\/figcaption><\/figure><div class=\"fg-loader\"><\/div><\/div><div class=\"fg-item\"><figure class=\"fg-item-inner\"><a href=\"https:\/\/perdeci.net\/lazer-perdeler\/wp-content\/uploads\/2020\/11\/lazer-kesme-logolu-stor-perde-lazer-kesim-perde-modelleri-fon-tul-brillant-delikli-laser-cut-_3.jpg\" data-attachment-id=\"933\" class=\"fg-thumb\"><span class=\"fg-image-wrap\"><img width=\"300\" height=\"300\" data-src-fg=\"https:\/\/perdeci.net\/lazer-perdeler\/wp-content\/uploads\/cache\/2020\/11\/lazer-kesme-logolu-stor-perde-lazer-kesim-perde-modelleri-fon-tul-brillant-delikli-laser-cut-_3\/929425241.jpg\" class=\"fg-image\" \/><\/span><\/a><figcaption class=\"fg-caption\"><div class=\"fg-caption-inner\"><\/div><\/figcaption><\/figure><div class=\"fg-loader\"><\/div><\/div><div class=\"fg-item\"><figure class=\"fg-item-inner\"><a href=\"https:\/\/perdeci.net\/lazer-perdeler\/wp-content\/uploads\/2020\/11\/lazer-kesme-logolu-stor-perde-lazer-kesim-perde-modelleri-fon-tul-brillant-delikli-laser-cut-blinds-_01.jpg\" data-attachment-id=\"934\" class=\"fg-thumb\"><span class=\"fg-image-wrap\"><img width=\"300\" height=\"300\" data-src-fg=\"https:\/\/perdeci.net\/lazer-perdeler\/wp-content\/uploads\/cache\/2020\/11\/lazer-kesme-logolu-stor-perde-lazer-kesim-perde-modelleri-fon-tul-brillant-delikli-laser-cut-blinds-_01\/4280914864.jpg\" class=\"fg-image\" \/><\/span><\/a><figcaption class=\"fg-caption\"><div class=\"fg-caption-inner\"><\/div><\/figcaption><\/figure><div class=\"fg-loader\"><\/div><\/div><div class=\"fg-item\"><figure class=\"fg-item-inner\"><a href=\"https:\/\/perdeci.net\/lazer-perdeler\/wp-content\/uploads\/2020\/11\/lazer-kesme-logolu-stor-perde-lazer-kesim-perde-modelleri-fon-tul-brillant-delikli-laser-cut-blinds-_05.jpg\" data-attachment-id=\"935\" class=\"fg-thumb\"><span class=\"fg-image-wrap\"><img width=\"300\" height=\"300\" data-src-fg=\"https:\/\/perdeci.net\/lazer-perdeler\/wp-content\/uploads\/cache\/2020\/11\/lazer-kesme-logolu-stor-perde-lazer-kesim-perde-modelleri-fon-tul-brillant-delikli-laser-cut-blinds-_05\/3525568812.jpg\" class=\"fg-image\" \/><\/span><\/a><figcaption class=\"fg-caption\"><div class=\"fg-caption-inner\"><\/div><\/figcaption><\/figure><div class=\"fg-loader\"><\/div><\/div><div class=\"fg-item\"><figure class=\"fg-item-inner\"><a href=\"https:\/\/perdeci.net\/lazer-perdeler\/wp-content\/uploads\/2020\/11\/lazer-kesme-logolu-stor-perde-lazer-kesim-perde-modelleri-fon-tul-brillant-delikli-laser-cut-blinds-_06.jpg\" data-attachment-id=\"936\" class=\"fg-thumb\"><span class=\"fg-image-wrap\"><img width=\"300\" height=\"300\" data-src-fg=\"https:\/\/perdeci.net\/lazer-perdeler\/wp-content\/uploads\/cache\/2020\/11\/lazer-kesme-logolu-stor-perde-lazer-kesim-perde-modelleri-fon-tul-brillant-delikli-laser-cut-blinds-_06\/2082305060.jpg\" class=\"fg-image\" \/><\/span><\/a><figcaption class=\"fg-caption\"><div class=\"fg-caption-inner\"><\/div><\/figcaption><\/figure><div class=\"fg-loader\"><\/div><\/div><div class=\"fg-item\"><figure class=\"fg-item-inner\"><a href=\"https:\/\/perdeci.net\/lazer-perdeler\/wp-content\/uploads\/2020\/11\/lazer-kesme-logolu-stor-perde-lazer-kesim-perde-modelleri-fon-tul-brillant-delikli-laser-cut-blinds-_07.jpg\" data-attachment-id=\"937\" class=\"fg-thumb\"><span class=\"fg-image-wrap\"><img width=\"300\" height=\"300\" data-src-fg=\"https:\/\/perdeci.net\/lazer-perdeler\/wp-content\/uploads\/cache\/2020\/11\/lazer-kesme-logolu-stor-perde-lazer-kesim-perde-modelleri-fon-tul-brillant-delikli-laser-cut-blinds-_07\/435618012.jpg\" class=\"fg-image\" \/><\/span><\/a><figcaption class=\"fg-caption\"><div class=\"fg-caption-inner\"><\/div><\/figcaption><\/figure><div class=\"fg-loader\"><\/div><\/div><div class=\"fg-item\"><figure class=\"fg-item-inner\"><a href=\"https:\/\/perdeci.net\/lazer-perdeler\/wp-content\/uploads\/2020\/11\/lazer-kesme-logolu-stor-perde-lazer-kesim-perde-modelleri-fon-tul-brillant-delikli-laser-cut-blinds-_08.jpg\" data-attachment-id=\"938\" class=\"fg-thumb\"><span class=\"fg-image-wrap\"><img width=\"300\" height=\"300\" data-src-fg=\"https:\/\/perdeci.net\/lazer-perdeler\/wp-content\/uploads\/cache\/2020\/11\/lazer-kesme-logolu-stor-perde-lazer-kesim-perde-modelleri-fon-tul-brillant-delikli-laser-cut-blinds-_08\/1654711095.jpg\" class=\"fg-image\" \/><\/span><\/a><figcaption class=\"fg-caption\"><div class=\"fg-caption-inner\"><\/div><\/figcaption><\/figure><div class=\"fg-loader\"><\/div><\/div><div class=\"fg-item\"><figure class=\"fg-item-inner\"><a href=\"https:\/\/perdeci.net\/lazer-perdeler\/wp-content\/uploads\/2020\/11\/lazer-kesme-logolu-stor-perde-lazer-kesim-perde-modelleri-fon-tul-brillant-delikli-laser-cut-blinds-_09.jpg\" data-attachment-id=\"939\" class=\"fg-thumb\"><span class=\"fg-image-wrap\"><img width=\"300\" height=\"300\" data-src-fg=\"https:\/\/perdeci.net\/lazer-perdeler\/wp-content\/uploads\/cache\/2020\/11\/lazer-kesme-logolu-stor-perde-lazer-kesim-perde-modelleri-fon-tul-brillant-delikli-laser-cut-blinds-_09\/122329039.jpg\" class=\"fg-image\" \/><\/span><\/a><figcaption class=\"fg-caption\"><div class=\"fg-caption-inner\"><\/div><\/figcaption><\/figure><div class=\"fg-loader\"><\/div><\/div><div class=\"fg-item\"><figure class=\"fg-item-inner\"><a href=\"https:\/\/perdeci.net\/lazer-perdeler\/wp-content\/uploads\/2020\/11\/lazer-kesme-logolu-stor-perde-lazer-kesim-perde-modelleri-fon-tul-brillant-delikli-laser-cut-blinds-_10.jpg\" data-attachment-id=\"940\" class=\"fg-thumb\"><span class=\"fg-image-wrap\"><img width=\"300\" height=\"300\" data-src-fg=\"https:\/\/perdeci.net\/lazer-perdeler\/wp-content\/uploads\/cache\/2020\/11\/lazer-kesme-logolu-stor-perde-lazer-kesim-perde-modelleri-fon-tul-brillant-delikli-laser-cut-blinds-_10\/669240571.jpg\" class=\"fg-image\" \/><\/span><\/a><figcaption class=\"fg-caption\"><div class=\"fg-caption-inner\"><\/div><\/figcaption><\/figure><div class=\"fg-loader\"><\/div><\/div><div class=\"fg-item\"><figure class=\"fg-item-inner\"><a href=\"https:\/\/perdeci.net\/lazer-perdeler\/wp-content\/uploads\/2020\/11\/lazer-kesme-logolu-stor-perde-lazer-kesim-perde-modelleri-fon-tul-brillant-delikli-laser-cut-blinds-_11.jpg\" data-attachment-id=\"941\" class=\"fg-thumb\"><span class=\"fg-image-wrap\"><img width=\"300\" height=\"300\" data-src-fg=\"https:\/\/perdeci.net\/lazer-perdeler\/wp-content\/uploads\/cache\/2020\/11\/lazer-kesme-logolu-stor-perde-lazer-kesim-perde-modelleri-fon-tul-brillant-delikli-laser-cut-blinds-_11\/1107933187.jpg\" class=\"fg-image\" \/><\/span><\/a><figcaption class=\"fg-caption\"><div class=\"fg-caption-inner\"><\/div><\/figcaption><\/figure><div class=\"fg-loader\"><\/div><\/div><div class=\"fg-item\"><figure class=\"fg-item-inner\"><a href=\"https:\/\/perdeci.net\/lazer-perdeler\/wp-content\/uploads\/2020\/11\/lazer-kesme-logolu-stor-perde-lazer-kesim-perde-modelleri-fon-tul-brillant-delikli-laser-cut-blinds-_12.jpg\" data-attachment-id=\"942\" class=\"fg-thumb\"><span class=\"fg-image-wrap\"><img width=\"300\" height=\"300\" data-src-fg=\"https:\/\/perdeci.net\/lazer-perdeler\/wp-content\/uploads\/cache\/2020\/11\/lazer-kesme-logolu-stor-perde-lazer-kesim-perde-modelleri-fon-tul-brillant-delikli-laser-cut-blinds-_12\/3963036939.jpg\" class=\"fg-image\" \/><\/span><\/a><figcaption class=\"fg-caption\"><div class=\"fg-caption-inner\"><\/div><\/figcaption><\/figure><div class=\"fg-loader\"><\/div><\/div><div class=\"fg-item\"><figure class=\"fg-item-inner\"><a href=\"https:\/\/perdeci.net\/lazer-perdeler\/wp-content\/uploads\/2020\/11\/lazer-kesme-logolu-stor-perde-lazer-kesim-perde-modelleri-fon-tul-brillant-delikli-laser-cut-blinds-_13.jpg\" data-attachment-id=\"943\" class=\"fg-thumb\"><span class=\"fg-image-wrap\"><img width=\"300\" height=\"300\" data-src-fg=\"https:\/\/perdeci.net\/lazer-perdeler\/wp-content\/uploads\/cache\/2020\/11\/lazer-kesme-logolu-stor-perde-lazer-kesim-perde-modelleri-fon-tul-brillant-delikli-laser-cut-blinds-_13\/2312983027.jpg\" class=\"fg-image\" \/><\/span><\/a><figcaption class=\"fg-caption\"><div class=\"fg-caption-inner\"><\/div><\/figcaption><\/figure><div class=\"fg-loader\"><\/div><\/div><div class=\"fg-item\"><figure class=\"fg-item-inner\"><a href=\"https:\/\/perdeci.net\/lazer-perdeler\/wp-content\/uploads\/2020\/11\/lazer-kesme-logolu-stor-perde-lazer-kesim-perde-modelleri-fon-tul-brillant-delikli-laser-cut-blinds-_14.jpg\" data-attachment-id=\"944\" class=\"fg-thumb\"><span class=\"fg-image-wrap\"><img width=\"300\" height=\"300\" data-src-fg=\"https:\/\/perdeci.net\/lazer-perdeler\/wp-content\/uploads\/cache\/2020\/11\/lazer-kesme-logolu-stor-perde-lazer-kesim-perde-modelleri-fon-tul-brillant-delikli-laser-cut-blinds-_14\/1799035226.jpg\" class=\"fg-image\" \/><\/span><\/a><figcaption class=\"fg-caption\"><div class=\"fg-caption-inner\"><\/div><\/figcaption><\/figure><div class=\"fg-loader\"><\/div><\/div><div class=\"fg-item\"><figure class=\"fg-item-inner\"><a href=\"https:\/\/perdeci.net\/lazer-perdeler\/wp-content\/uploads\/2020\/11\/lazer-kesme-logolu-stor-perde-lazer-kesim-perde-modelleri-fon-tul-brillant-delikli-laser-cut-blinds-_15.jpg\" data-attachment-id=\"945\" class=\"fg-thumb\"><span class=\"fg-image-wrap\"><img width=\"300\" height=\"300\" data-src-fg=\"https:\/\/perdeci.net\/lazer-perdeler\/wp-content\/uploads\/cache\/2020\/11\/lazer-kesme-logolu-stor-perde-lazer-kesim-perde-modelleri-fon-tul-brillant-delikli-laser-cut-blinds-_15\/248606114.jpg\" class=\"fg-image\" \/><\/span><\/a><figcaption class=\"fg-caption\"><div class=\"fg-caption-inner\"><\/div><\/figcaption><\/figure><div class=\"fg-loader\"><\/div><\/div><div class=\"fg-item\"><figure class=\"fg-item-inner\"><a href=\"https:\/\/perdeci.net\/lazer-perdeler\/wp-content\/uploads\/2020\/11\/lazer-kesme-logolu-stor-perde-lazer-kesim-perde-modelleri-fon-tul-brillant-delikli-laser-cut-blinds-_16.jpg\" data-attachment-id=\"946\" class=\"fg-thumb\"><span class=\"fg-image-wrap\"><img width=\"300\" height=\"300\" data-src-fg=\"https:\/\/perdeci.net\/lazer-perdeler\/wp-content\/uploads\/cache\/2020\/11\/lazer-kesme-logolu-stor-perde-lazer-kesim-perde-modelleri-fon-tul-brillant-delikli-laser-cut-blinds-_16\/2700079274.jpg\" class=\"fg-image\" \/><\/span><\/a><figcaption class=\"fg-caption\"><div class=\"fg-caption-inner\"><\/div><\/figcaption><\/figure><div class=\"fg-loader\"><\/div><\/div><div class=\"fg-item\"><figure class=\"fg-item-inner\"><a href=\"https:\/\/perdeci.net\/lazer-perdeler\/wp-content\/uploads\/2020\/11\/lazer-kesme-logolu-stor-perde-lazer-kesim-perde-modelleri-fon-tul-brillant-delikli-laser-cut-blinds-_17.jpg\" data-attachment-id=\"947\" class=\"fg-thumb\"><span class=\"fg-image-wrap\"><img width=\"300\" height=\"300\" data-src-fg=\"https:\/\/perdeci.net\/lazer-perdeler\/wp-content\/uploads\/cache\/2020\/11\/lazer-kesme-logolu-stor-perde-lazer-kesim-perde-modelleri-fon-tul-brillant-delikli-laser-cut-blinds-_17\/3305473106.jpg\" class=\"fg-image\" \/><\/span><\/a><figcaption class=\"fg-caption\"><div class=\"fg-caption-inner\"><\/div><\/figcaption><\/figure><div class=\"fg-loader\"><\/div><\/div><div class=\"fg-item\"><figure class=\"fg-item-inner\"><a href=\"https:\/\/perdeci.net\/lazer-perdeler\/wp-content\/uploads\/2020\/11\/lazer-kesme-logolu-stor-perde-lazer-kesim-perde-modelleri-fon-tul-brillant-delikli-laser-cut-blinds-_18.jpg\" data-attachment-id=\"948\" class=\"fg-thumb\"><span class=\"fg-image-wrap\"><img width=\"300\" height=\"300\" data-src-fg=\"https:\/\/perdeci.net\/lazer-perdeler\/wp-content\/uploads\/cache\/2020\/11\/lazer-kesme-logolu-stor-perde-lazer-kesim-perde-modelleri-fon-tul-brillant-delikli-laser-cut-blinds-_18\/3193071545.jpg\" class=\"fg-image\" \/><\/span><\/a><figcaption class=\"fg-caption\"><div class=\"fg-caption-inner\"><\/div><\/figcaption><\/figure><div class=\"fg-loader\"><\/div><\/div><div class=\"fg-item\"><figure class=\"fg-item-inner\"><a href=\"https:\/\/perdeci.net\/lazer-perdeler\/wp-content\/uploads\/2020\/11\/lazer-kesme-logolu-stor-perde-lazer-kesim-perde-modelleri-fon-tul-brillant-delikli-laser-cut-blinds-_19.jpg\" data-attachment-id=\"949\" class=\"fg-thumb\"><span class=\"fg-image-wrap\"><img width=\"300\" height=\"300\" data-src-fg=\"https:\/\/perdeci.net\/lazer-perdeler\/wp-content\/uploads\/cache\/2020\/11\/lazer-kesme-logolu-stor-perde-lazer-kesim-perde-modelleri-fon-tul-brillant-delikli-laser-cut-blinds-_19\/3686273857.jpg\" class=\"fg-image\" \/><\/span><\/a><figcaption class=\"fg-caption\"><div class=\"fg-caption-inner\"><\/div><\/figcaption><\/figure><div class=\"fg-loader\"><\/div><\/div><div class=\"fg-item\"><figure class=\"fg-item-inner\"><a href=\"https:\/\/perdeci.net\/lazer-perdeler\/wp-content\/uploads\/2020\/11\/lazer-kesme-logolu-stor-perde-lazer-kesim-perde-modelleri-fon-tul-brillant-delikli-laser-cut-blinds-_20.jpg\" data-attachment-id=\"950\" class=\"fg-thumb\"><span class=\"fg-image-wrap\"><img width=\"300\" height=\"300\" data-src-fg=\"https:\/\/perdeci.net\/lazer-perdeler\/wp-content\/uploads\/cache\/2020\/11\/lazer-kesme-logolu-stor-perde-lazer-kesim-perde-modelleri-fon-tul-brillant-delikli-laser-cut-blinds-_20\/3122033703.jpg\" class=\"fg-image\" \/><\/span><\/a><figcaption class=\"fg-caption\"><div class=\"fg-caption-inner\"><\/div><\/figcaption><\/figure><div class=\"fg-loader\"><\/div><\/div><div class=\"fg-item\"><figure class=\"fg-item-inner\"><a href=\"https:\/\/perdeci.net\/lazer-perdeler\/wp-content\/uploads\/2020\/11\/lazer-kesme-logolu-stor-perde-lazer-kesim-perde-modelleri-fon-tul-brillant-delikli-laser-cut-blinds-_21.jpg\" data-attachment-id=\"951\" class=\"fg-thumb\"><span class=\"fg-image-wrap\"><img width=\"300\" height=\"300\" data-src-fg=\"https:\/\/perdeci.net\/lazer-perdeler\/wp-content\/uploads\/cache\/2020\/11\/lazer-kesme-logolu-stor-perde-lazer-kesim-perde-modelleri-fon-tul-brillant-delikli-laser-cut-blinds-_21\/3757834463.jpg\" class=\"fg-image\" \/><\/span><\/a><figcaption class=\"fg-caption\"><div class=\"fg-caption-inner\"><\/div><\/figcaption><\/figure><div class=\"fg-loader\"><\/div><\/div><div class=\"fg-item\"><figure class=\"fg-item-inner\"><a href=\"https:\/\/perdeci.net\/lazer-perdeler\/wp-content\/uploads\/2020\/11\/lazer-kesme-logolu-stor-perde-lazer-kesim-perde-modelleri-fon-tul-brillant-delikli-laser-cut-blinds-_22.jpg\" data-attachment-id=\"952\" class=\"fg-thumb\"><span class=\"fg-image-wrap\"><img width=\"300\" height=\"300\" data-src-fg=\"https:\/\/perdeci.net\/lazer-perdeler\/wp-content\/uploads\/cache\/2020\/11\/lazer-kesme-logolu-stor-perde-lazer-kesim-perde-modelleri-fon-tul-brillant-delikli-laser-cut-blinds-_22\/1908579799.jpg\" class=\"fg-image\" \/><\/span><\/a><figcaption class=\"fg-caption\"><div class=\"fg-caption-inner\"><\/div><\/figcaption><\/figure><div class=\"fg-loader\"><\/div><\/div><div class=\"fg-item\"><figure class=\"fg-item-inner\"><a href=\"https:\/\/perdeci.net\/lazer-perdeler\/wp-content\/uploads\/2020\/11\/lazer-kesme-logolu-stor-perde-lazer-kesim-perde-modelleri-fon-tul-brillant-delikli-laser-cut-blinds-_23.jpg\" data-attachment-id=\"953\" class=\"fg-thumb\"><span class=\"fg-image-wrap\"><img width=\"300\" height=\"300\" data-src-fg=\"https:\/\/perdeci.net\/lazer-perdeler\/wp-content\/uploads\/cache\/2020\/11\/lazer-kesme-logolu-stor-perde-lazer-kesim-perde-modelleri-fon-tul-brillant-delikli-laser-cut-blinds-_23\/338225455.jpg\" class=\"fg-image\" \/><\/span><\/a><figcaption class=\"fg-caption\"><div class=\"fg-caption-inner\"><\/div><\/figcaption><\/figure><div class=\"fg-loader\"><\/div><\/div><div class=\"fg-item\"><figure class=\"fg-item-inner\"><a href=\"https:\/\/perdeci.net\/lazer-perdeler\/wp-content\/uploads\/2020\/11\/lazer-kesme-logolu-stor-perde-lazer-kesim-perde-modelleri-fon-tul-brillant-delikli-laser-cut-blinds-_24.jpg\" data-attachment-id=\"954\" class=\"fg-thumb\"><span class=\"fg-image-wrap\"><img width=\"300\" height=\"300\" data-src-fg=\"https:\/\/perdeci.net\/lazer-perdeler\/wp-content\/uploads\/cache\/2020\/11\/lazer-kesme-logolu-stor-perde-lazer-kesim-perde-modelleri-fon-tul-brillant-delikli-laser-cut-blinds-_24\/4140736902.jpg\" class=\"fg-image\" \/><\/span><\/a><figcaption class=\"fg-caption\"><div class=\"fg-caption-inner\"><\/div><\/figcaption><\/figure><div class=\"fg-loader\"><\/div><\/div><\/div>\r\n\n<p>[\/vc_column_text][\/vc_column][\/vc_row]<\/p>\n","protected":false},"excerpt":{"rendered":"<p>[vc_row one_page_section=&#8221;yes&#8221; one_page_label=&#8221;home&#8221; one_page_slug=&#8221;home&#8221; css=&#8221;.vc_custom_1603671703381{margin-bottom: 0px !important;}&#8221;][vc_column][rev_slider_vc alias=&#8221;welcome&#8221;][\/vc_column][\/vc_row][vc_row full_width=&#8221;stretch_row&#8221; one_page_section=&#8221;yes&#8221; css=&#8221;.vc_custom_1603670715773{margin-bottom: 0px !important;padding-top: 140px !important;padding-bottom: 140px !important;background-color: #f4f4f6 !important;}&#8221;][vc_column][vc_column_text]<\/p>\n<p>Lazer Logolu veya Yaz\u0131l\u0131 Perde<\/p>\n<p>T\u00fcrkiye\u2019nin en g\u00fczel LAZER KES\u0130ML\u0130 STOR PERDE \u0130MALAT\u00c7ISI OLARAK<\/p>\n<p>size \u00f6zel tasar\u0131mlar \u00fcretiyoruz. bize whatsapp dan pencere foto\u011fraf\u0131n\u0131z\u0131 veya \u00f6l\u00e7\u00fcleriniz yollay\u0131n\u0131z<\/p>\n<p>hem fiyat hemde fikir alabilirsiniz.. whatsapp 0553 833 93 53<\/p>\n<p>Di\u011fer T\u00fcm Perde \u00c7e\u015fitlerini G\u00f6rmek \u0130\u00e7in Bu Linki T\u0131klay\u0131n\u0131z..<\/p>\n<p>[\/vc_column_text][\/vc_column][\/vc_row][vc_row css=&#8221;.vc_custom_1603751348217{padding-left: 20px !important;}&#8221;][vc_column][vc_column_text]<\/p>\n<p>[\/vc_column_text][\/vc_column][\/vc_row]<\/p>\n","protected":false},"author":1,"featured_media":0,"parent":0,"menu_order":0,"comment_status":"closed","ping_status":"closed","template":"","meta":[],"_links":{"self":[{"href":"https:\/\/perdeci.net\/lazer-perdeler\/wp-json\/wp\/v2\/pages\/233"}],"collection":[{"href":"https:\/\/perdeci.net\/lazer-perdeler\/wp-json\/wp\/v2\/pages"}],"about":[{"href":"https:\/\/perdeci.net\/lazer-perdeler\/wp-json\/wp\/v2\/types\/page"}],"author":[{"embeddable":true,"href":"https:\/\/perdeci.net\/lazer-perdeler\/wp-json\/wp\/v2\/users\/1"}],"replies":[{"embeddable":true,"href":"https:\/\/perdeci.net\/lazer-perdeler\/wp-json\/wp\/v2\/comments?post=233"}],"version-history":[{"count":5,"href":"https:\/\/perdeci.net\/lazer-perdeler\/wp-json\/wp\/v2\/pages\/233\/revisions"}],"predecessor-version":[{"id":1679,"href":"https:\/\/perdeci.net\/lazer-perdeler\/wp-json\/wp\/v2\/pages\/233\/revisions\/1679"}],"wp:attachment":[{"href":"https:\/\/perdeci.net\/lazer-perdeler\/wp-json\/wp\/v2\/media?parent=233"}],"curies":[{"name":"wp","href":"https:\/\/api.w.org\/{rel}","templated":true}]}}