{"id":227,"date":"2020-10-28T22:50:09","date_gmt":"2020-10-28T19:50:09","guid":{"rendered":"https:\/\/perdeci.net\/lazer-perdeler\/?page_id=227"},"modified":"2020-11-08T17:59:22","modified_gmt":"2020-11-08T14:59:22","slug":"lazer-stor-fon-perde","status":"publish","type":"page","link":"https:\/\/perdeci.net\/lazer-perdeler\/lazer-stor-fon-perde\/","title":{"rendered":"Lazer Stor Fon Perde"},"content":{"rendered":"<p>[vc_row one_page_section=&#8221;yes&#8221; one_page_label=&#8221;home&#8221; one_page_slug=&#8221;home&#8221; css=&#8221;.vc_custom_1603671703381{margin-bottom: 0px !important;}&#8221;][vc_column][rev_slider_vc alias=&#8221;welcome&#8221;][\/vc_column][\/vc_row][vc_row full_width=&#8221;stretch_row&#8221; one_page_section=&#8221;yes&#8221; css=&#8221;.vc_custom_1603670715773{margin-bottom: 0px !important;padding-top: 140px !important;padding-bottom: 140px !important;background-color: #f4f4f6 !important;}&#8221;][vc_column][vc_column_text]<\/p>\n<h2 style=\"color: #35373e; font-size: 40px; margin-bottom: 26px;\">Lazer Stor Fon Perde<\/h2>\n<p>T\u00fcrkiye\u2019nin en g\u00fczel LAZER KES\u0130ML\u0130 STOR PERDE \u0130MALAT\u00c7ISI OLARAK<\/p>\n<p>size \u00f6zel tasar\u0131mlar \u00fcretiyoruz. bize whatsapp dan pencere foto\u011fraf\u0131n\u0131z\u0131 veya \u00f6l\u00e7\u00fcleriniz yollay\u0131n\u0131z<\/p>\n<p>hem fiyat hemde fikir alabilirsiniz.. whatsapp 0553 833 93 53<\/p>\n<p><strong><span style=\"color: #ff0000;\"><a style=\"color: #ff0000;\" href=\"http:\/\/www.perdeci.net\">Di\u011fer T\u00fcm Perde \u00c7e\u015fitlerini G\u00f6rmek \u0130\u00e7in Bu Linki T\u0131klay\u0131n\u0131z..<\/a><\/span><\/strong><\/p>\n<p><a href=\"http:\/\/www.perdeci.net\"><img loading=\"lazy\" class=\"alignnone size-medium wp-image-1642\" src=\"https:\/\/perdeci.net\/lazer-perdeler\/wp-content\/uploads\/2020\/11\/perdecinet-lazer-300x63.png\" alt=\"\" width=\"300\" height=\"63\" srcset=\"https:\/\/perdeci.net\/lazer-perdeler\/wp-content\/uploads\/2020\/11\/perdecinet-lazer-300x63.png 300w, https:\/\/perdeci.net\/lazer-perdeler\/wp-content\/uploads\/2020\/11\/perdecinet-lazer-1024x214.png 1024w, https:\/\/perdeci.net\/lazer-perdeler\/wp-content\/uploads\/2020\/11\/perdecinet-lazer-768x160.png 768w, https:\/\/perdeci.net\/lazer-perdeler\/wp-content\/uploads\/2020\/11\/perdecinet-lazer.png 1131w\" sizes=\"(max-width: 300px) 100vw, 300px\" \/><\/a>[\/vc_column_text][\/vc_column][\/vc_row][vc_row css=&#8221;.vc_custom_1603751348217{padding-left: 20px !important;}&#8221;][vc_column][vc_column_text]<\/p>\n<div class=\"foogallery foogallery-container foogallery-default foogallery-lightbox-foobox fg-gutter-10 fg-center fg-default fg-light fg-border-thin fg-shadow-outline fg-loading-default fg-loaded-fade-in fg-caption-hover fg-hover-fade fg-hover-zoom\" id=\"foogallery-gallery-900\" data-foogallery=\"{&quot;item&quot;:{&quot;showCaptionTitle&quot;:true,&quot;showCaptionDescription&quot;:true},&quot;lazy&quot;:true,&quot;src&quot;:&quot;data-src-fg&quot;,&quot;srcset&quot;:&quot;data-srcset-fg&quot;}\" data-fg-common-fields=\"1\" >\r\n\t<div class=\"fg-item\"><figure class=\"fg-item-inner\"><a href=\"https:\/\/perdeci.net\/lazer-perdeler\/wp-content\/uploads\/2020\/11\/fon-kumas-perde-ve-lazer-stor-lazer-kesim-perde-modelleri-fon-tul-brillant-delikli-laser-cut-blinds-lazer-kesimli-tac-linens_01.jpg\" data-attachment-id=\"901\" class=\"fg-thumb\"><span class=\"fg-image-wrap\"><img width=\"300\" height=\"300\" data-src-fg=\"https:\/\/perdeci.net\/lazer-perdeler\/wp-content\/uploads\/cache\/2020\/11\/fon-kumas-perde-ve-lazer-stor-lazer-kesim-perde-modelleri-fon-tul-brillant-delikli-laser-cut-blinds-lazer-kesimli-tac-linens_01\/1111083952.jpg\" class=\"fg-image\" \/><\/span><\/a><figcaption class=\"fg-caption\"><div class=\"fg-caption-inner\"><\/div><\/figcaption><\/figure><div class=\"fg-loader\"><\/div><\/div><div class=\"fg-item\"><figure class=\"fg-item-inner\"><a href=\"https:\/\/perdeci.net\/lazer-perdeler\/wp-content\/uploads\/2020\/11\/fon-kumas-perde-ve-lazer-stor-lazer-kesim-perde-modelleri-fon-tul-brillant-delikli-laser-cut-blinds-lazer-kesimli-tac-linens_02.jpg\" data-attachment-id=\"902\" class=\"fg-thumb\"><span class=\"fg-image-wrap\"><img width=\"300\" height=\"300\" data-src-fg=\"https:\/\/perdeci.net\/lazer-perdeler\/wp-content\/uploads\/cache\/2020\/11\/fon-kumas-perde-ve-lazer-stor-lazer-kesim-perde-modelleri-fon-tul-brillant-delikli-laser-cut-blinds-lazer-kesimli-tac-linens_02\/3669644502.jpg\" class=\"fg-image\" \/><\/span><\/a><figcaption class=\"fg-caption\"><div class=\"fg-caption-inner\"><\/div><\/figcaption><\/figure><div class=\"fg-loader\"><\/div><\/div><div class=\"fg-item\"><figure class=\"fg-item-inner\"><a href=\"https:\/\/perdeci.net\/lazer-perdeler\/wp-content\/uploads\/2020\/11\/fon-kumas-perde-ve-lazer-stor-lazer-kesim-perde-modelleri-fon-tul-brillant-delikli-laser-cut-blinds-lazer-kesimli-tac-linens_03.jpg\" data-attachment-id=\"903\" class=\"fg-thumb\"><span class=\"fg-image-wrap\"><img width=\"300\" height=\"300\" data-src-fg=\"https:\/\/perdeci.net\/lazer-perdeler\/wp-content\/uploads\/cache\/2020\/11\/fon-kumas-perde-ve-lazer-stor-lazer-kesim-perde-modelleri-fon-tul-brillant-delikli-laser-cut-blinds-lazer-kesimli-tac-linens_03\/2906333684.jpg\" class=\"fg-image\" \/><\/span><\/a><figcaption class=\"fg-caption\"><div class=\"fg-caption-inner\"><\/div><\/figcaption><\/figure><div class=\"fg-loader\"><\/div><\/div><div class=\"fg-item\"><figure class=\"fg-item-inner\"><a href=\"https:\/\/perdeci.net\/lazer-perdeler\/wp-content\/uploads\/2020\/11\/fon-kumas-perde-ve-lazer-stor-lazer-kesim-perde-modelleri-fon-tul-brillant-delikli-laser-cut-blinds-lazer-kesimli-tac-linens_04.jpg\" data-attachment-id=\"904\" class=\"fg-thumb\"><span class=\"fg-image-wrap\"><img width=\"300\" height=\"300\" data-src-fg=\"https:\/\/perdeci.net\/lazer-perdeler\/wp-content\/uploads\/cache\/2020\/11\/fon-kumas-perde-ve-lazer-stor-lazer-kesim-perde-modelleri-fon-tul-brillant-delikli-laser-cut-blinds-lazer-kesimli-tac-linens_04\/818703451.jpg\" class=\"fg-image\" \/><\/span><\/a><figcaption class=\"fg-caption\"><div class=\"fg-caption-inner\"><\/div><\/figcaption><\/figure><div class=\"fg-loader\"><\/div><\/div><div class=\"fg-item\"><figure class=\"fg-item-inner\"><a href=\"https:\/\/perdeci.net\/lazer-perdeler\/wp-content\/uploads\/2020\/11\/fon-kumas-perde-ve-lazer-stor-lazer-kesim-perde-modelleri-fon-tul-brillant-delikli-laser-cut-blinds-lazer-kesimli-tac-linens_05.jpg\" data-attachment-id=\"905\" class=\"fg-thumb\"><span class=\"fg-image-wrap\"><img width=\"300\" height=\"300\" data-src-fg=\"https:\/\/perdeci.net\/lazer-perdeler\/wp-content\/uploads\/cache\/2020\/11\/fon-kumas-perde-ve-lazer-stor-lazer-kesim-perde-modelleri-fon-tul-brillant-delikli-laser-cut-blinds-lazer-kesimli-tac-linens_05\/1196235129.jpg\" class=\"fg-image\" \/><\/span><\/a><figcaption class=\"fg-caption\"><div class=\"fg-caption-inner\"><\/div><\/figcaption><\/figure><div class=\"fg-loader\"><\/div><\/div><div class=\"fg-item\"><figure class=\"fg-item-inner\"><a href=\"https:\/\/perdeci.net\/lazer-perdeler\/wp-content\/uploads\/2020\/11\/fon-kumas-perde-ve-lazer-stor-lazer-kesim-perde-modelleri-fon-tul-brillant-delikli-laser-cut-blinds-lazer-kesimli-tac-linens_06.jpg\" data-attachment-id=\"906\" class=\"fg-thumb\"><span class=\"fg-image-wrap\"><img width=\"300\" height=\"300\" data-src-fg=\"https:\/\/perdeci.net\/lazer-perdeler\/wp-content\/uploads\/cache\/2020\/11\/fon-kumas-perde-ve-lazer-stor-lazer-kesim-perde-modelleri-fon-tul-brillant-delikli-laser-cut-blinds-lazer-kesimli-tac-linens_06\/3754853919.jpg\" class=\"fg-image\" \/><\/span><\/a><figcaption class=\"fg-caption\"><div class=\"fg-caption-inner\"><\/div><\/figcaption><\/figure><div class=\"fg-loader\"><\/div><\/div><div class=\"fg-item\"><figure class=\"fg-item-inner\"><a href=\"https:\/\/perdeci.net\/lazer-perdeler\/wp-content\/uploads\/2020\/11\/fon-kumas-perde-ve-lazer-stor-lazer-kesim-perde-modelleri-fon-tul-brillant-delikli-laser-cut-blinds-lazer-kesimli-tac-linens_07.jpg\" data-attachment-id=\"907\" class=\"fg-thumb\"><span class=\"fg-image-wrap\"><img width=\"300\" height=\"300\" data-src-fg=\"https:\/\/perdeci.net\/lazer-perdeler\/wp-content\/uploads\/cache\/2020\/11\/fon-kumas-perde-ve-lazer-stor-lazer-kesim-perde-modelleri-fon-tul-brillant-delikli-laser-cut-blinds-lazer-kesimli-tac-linens_07\/2823811901.jpg\" class=\"fg-image\" \/><\/span><\/a><figcaption class=\"fg-caption\"><div class=\"fg-caption-inner\"><\/div><\/figcaption><\/figure><div class=\"fg-loader\"><\/div><\/div><div class=\"fg-item\"><figure class=\"fg-item-inner\"><a href=\"https:\/\/perdeci.net\/lazer-perdeler\/wp-content\/uploads\/2020\/11\/fon-kumas-perde-ve-lazer-stor-lazer-kesim-perde-modelleri-fon-tul-brillant-delikli-laser-cut-blinds-lazer-kesimli-tac-linens_08.jpg\" data-attachment-id=\"908\" class=\"fg-thumb\"><span class=\"fg-image-wrap\"><img width=\"300\" height=\"300\" data-src-fg=\"https:\/\/perdeci.net\/lazer-perdeler\/wp-content\/uploads\/cache\/2020\/11\/fon-kumas-perde-ve-lazer-stor-lazer-kesim-perde-modelleri-fon-tul-brillant-delikli-laser-cut-blinds-lazer-kesimli-tac-linens_08\/1062279936.jpg\" class=\"fg-image\" \/><\/span><\/a><figcaption class=\"fg-caption\"><div class=\"fg-caption-inner\"><\/div><\/figcaption><\/figure><div class=\"fg-loader\"><\/div><\/div><div class=\"fg-item\"><figure class=\"fg-item-inner\"><a href=\"https:\/\/perdeci.net\/lazer-perdeler\/wp-content\/uploads\/2020\/11\/fon-kumas-perde-ve-lazer-stor-lazer-kesim-perde-modelleri-fon-tul-brillant-delikli-laser-cut-blinds-lazer-kesimli-tac-linens_09.jpg\" data-attachment-id=\"909\" class=\"fg-thumb\"><span class=\"fg-image-wrap\"><img width=\"300\" height=\"300\" data-src-fg=\"https:\/\/perdeci.net\/lazer-perdeler\/wp-content\/uploads\/cache\/2020\/11\/fon-kumas-perde-ve-lazer-stor-lazer-kesim-perde-modelleri-fon-tul-brillant-delikli-laser-cut-blinds-lazer-kesimli-tac-linens_09\/1221619234.jpg\" class=\"fg-image\" \/><\/span><\/a><figcaption class=\"fg-caption\"><div class=\"fg-caption-inner\"><\/div><\/figcaption><\/figure><div class=\"fg-loader\"><\/div><\/div><div class=\"fg-item\"><figure class=\"fg-item-inner\"><a href=\"https:\/\/perdeci.net\/lazer-perdeler\/wp-content\/uploads\/2020\/11\/fon-kumas-perde-ve-lazer-stor-lazer-kesim-perde-modelleri-fon-tul-brillant-delikli-laser-cut-blinds-lazer-kesimli-tac-linens_10.jpg\" data-attachment-id=\"910\" class=\"fg-thumb\"><span class=\"fg-image-wrap\"><img width=\"300\" height=\"300\" data-src-fg=\"https:\/\/perdeci.net\/lazer-perdeler\/wp-content\/uploads\/cache\/2020\/11\/fon-kumas-perde-ve-lazer-stor-lazer-kesim-perde-modelleri-fon-tul-brillant-delikli-laser-cut-blinds-lazer-kesimli-tac-linens_10\/3769597443.jpg\" class=\"fg-image\" \/><\/span><\/a><figcaption class=\"fg-caption\"><div class=\"fg-caption-inner\"><\/div><\/figcaption><\/figure><div class=\"fg-loader\"><\/div><\/div><div class=\"fg-item\"><figure class=\"fg-item-inner\"><a href=\"https:\/\/perdeci.net\/lazer-perdeler\/wp-content\/uploads\/2020\/11\/fon-kumas-perde-ve-lazer-stor-lazer-kesim-perde-modelleri-fon-tul-brillant-delikli-laser-cut-blinds-lazer-kesimli-tac-linens_11.jpg\" data-attachment-id=\"911\" class=\"fg-thumb\"><span class=\"fg-image-wrap\"><img width=\"300\" height=\"300\" data-src-fg=\"https:\/\/perdeci.net\/lazer-perdeler\/wp-content\/uploads\/cache\/2020\/11\/fon-kumas-perde-ve-lazer-stor-lazer-kesim-perde-modelleri-fon-tul-brillant-delikli-laser-cut-blinds-lazer-kesimli-tac-linens_11\/2536377121.jpg\" class=\"fg-image\" \/><\/span><\/a><figcaption class=\"fg-caption\"><div class=\"fg-caption-inner\"><\/div><\/figcaption><\/figure><div class=\"fg-loader\"><\/div><\/div><div class=\"fg-item\"><figure class=\"fg-item-inner\"><a href=\"https:\/\/perdeci.net\/lazer-perdeler\/wp-content\/uploads\/2020\/11\/fon-kumas-perde-ve-lazer-stor-lazer-kesim-perde-modelleri-fon-tul-brillant-delikli-laser-cut-blinds-lazer-kesimli-tac-linens_12.jpg\" data-attachment-id=\"912\" class=\"fg-thumb\"><span class=\"fg-image-wrap\"><img width=\"300\" height=\"300\" data-src-fg=\"https:\/\/perdeci.net\/lazer-perdeler\/wp-content\/uploads\/cache\/2020\/11\/fon-kumas-perde-ve-lazer-stor-lazer-kesim-perde-modelleri-fon-tul-brillant-delikli-laser-cut-blinds-lazer-kesimli-tac-linens_12\/263033927.jpg\" class=\"fg-image\" \/><\/span><\/a><figcaption class=\"fg-caption\"><div class=\"fg-caption-inner\"><\/div><\/figcaption><\/figure><div class=\"fg-loader\"><\/div><\/div><div class=\"fg-item\"><figure class=\"fg-item-inner\"><a href=\"https:\/\/perdeci.net\/lazer-perdeler\/wp-content\/uploads\/2020\/11\/fon-kumas-perde-ve-lazer-stor-lazer-kesim-perde-modelleri-fon-tul-brillant-delikli-laser-cut-blinds-lazer-kesimli-tac-linens_13.jpg\" data-attachment-id=\"913\" class=\"fg-thumb\"><span class=\"fg-image-wrap\"><img width=\"300\" height=\"300\" data-src-fg=\"https:\/\/perdeci.net\/lazer-perdeler\/wp-content\/uploads\/cache\/2020\/11\/fon-kumas-perde-ve-lazer-stor-lazer-kesim-perde-modelleri-fon-tul-brillant-delikli-laser-cut-blinds-lazer-kesimli-tac-linens_13\/2016207205.jpg\" class=\"fg-image\" \/><\/span><\/a><figcaption class=\"fg-caption\"><div class=\"fg-caption-inner\"><\/div><\/figcaption><\/figure><div class=\"fg-loader\"><\/div><\/div><div class=\"fg-item\"><figure class=\"fg-item-inner\"><a href=\"https:\/\/perdeci.net\/lazer-perdeler\/wp-content\/uploads\/2020\/11\/fon-kumas-perde-ve-lazer-stor-lazer-kesim-perde-modelleri-fon-tul-brillant-delikli-laser-cut-blinds-lazer-kesimli-tac-linens_14.jpg\" data-attachment-id=\"914\" class=\"fg-thumb\"><span class=\"fg-image-wrap\"><img width=\"300\" height=\"300\" data-src-fg=\"https:\/\/perdeci.net\/lazer-perdeler\/wp-content\/uploads\/cache\/2020\/11\/fon-kumas-perde-ve-lazer-stor-lazer-kesim-perde-modelleri-fon-tul-brillant-delikli-laser-cut-blinds-lazer-kesimli-tac-linens_14\/3856379082.jpg\" class=\"fg-image\" \/><\/span><\/a><figcaption class=\"fg-caption\"><div class=\"fg-caption-inner\"><\/div><\/figcaption><\/figure><div class=\"fg-loader\"><\/div><\/div><div class=\"fg-item\"><figure class=\"fg-item-inner\"><a href=\"https:\/\/perdeci.net\/lazer-perdeler\/wp-content\/uploads\/2020\/11\/fon-kumas-perde-ve-lazer-stor-lazer-kesim-perde-modelleri-fon-tul-brillant-delikli-laser-cut-blinds-lazer-kesimli-tac-linens_15.jpg\" data-attachment-id=\"915\" class=\"fg-thumb\"><span class=\"fg-image-wrap\"><img width=\"300\" height=\"300\" data-src-fg=\"https:\/\/perdeci.net\/lazer-perdeler\/wp-content\/uploads\/cache\/2020\/11\/fon-kumas-perde-ve-lazer-stor-lazer-kesim-perde-modelleri-fon-tul-brillant-delikli-laser-cut-blinds-lazer-kesimli-tac-linens_15\/2455427560.jpg\" class=\"fg-image\" \/><\/span><\/a><figcaption class=\"fg-caption\"><div class=\"fg-caption-inner\"><\/div><\/figcaption><\/figure><div class=\"fg-loader\"><\/div><\/div><div class=\"fg-item\"><figure class=\"fg-item-inner\"><a href=\"https:\/\/perdeci.net\/lazer-perdeler\/wp-content\/uploads\/2020\/11\/fon-kumas-perde-ve-lazer-stor-lazer-kesim-perde-modelleri-fon-tul-brillant-delikli-laser-cut-blinds-lazer-kesimli-tac-linens_16.jpg\" data-attachment-id=\"916\" class=\"fg-thumb\"><span class=\"fg-image-wrap\"><img width=\"300\" height=\"300\" data-src-fg=\"https:\/\/perdeci.net\/lazer-perdeler\/wp-content\/uploads\/cache\/2020\/11\/fon-kumas-perde-ve-lazer-stor-lazer-kesim-perde-modelleri-fon-tul-brillant-delikli-laser-cut-blinds-lazer-kesimli-tac-linens_16\/182011534.jpg\" class=\"fg-image\" \/><\/span><\/a><figcaption class=\"fg-caption\"><div class=\"fg-caption-inner\"><\/div><\/figcaption><\/figure><div class=\"fg-loader\"><\/div><\/div><div class=\"fg-item\"><figure class=\"fg-item-inner\"><a href=\"https:\/\/perdeci.net\/lazer-perdeler\/wp-content\/uploads\/2020\/11\/fon-kumas-perde-ve-lazer-stor-lazer-kesim-perde-modelleri-fon-tul-brillant-delikli-laser-cut-blinds-lazer-kesimli-tac-linens_17.jpg\" data-attachment-id=\"917\" class=\"fg-thumb\"><span class=\"fg-image-wrap\"><img width=\"300\" height=\"300\" data-src-fg=\"https:\/\/perdeci.net\/lazer-perdeler\/wp-content\/uploads\/cache\/2020\/11\/fon-kumas-perde-ve-lazer-stor-lazer-kesim-perde-modelleri-fon-tul-brillant-delikli-laser-cut-blinds-lazer-kesimli-tac-linens_17\/2102932396.jpg\" class=\"fg-image\" \/><\/span><\/a><figcaption class=\"fg-caption\"><div class=\"fg-caption-inner\"><\/div><\/figcaption><\/figure><div class=\"fg-loader\"><\/div><\/div><div class=\"fg-item\"><figure class=\"fg-item-inner\"><a href=\"https:\/\/perdeci.net\/lazer-perdeler\/wp-content\/uploads\/2020\/11\/fon-kumas-perde-ve-lazer-stor-lazer-kesim-perde-modelleri-fon-tul-brillant-delikli-laser-cut-blinds-lazer-kesimli-tac-linens_18.jpg\" data-attachment-id=\"918\" class=\"fg-thumb\"><span class=\"fg-image-wrap\"><img width=\"300\" height=\"300\" data-src-fg=\"https:\/\/perdeci.net\/lazer-perdeler\/wp-content\/uploads\/cache\/2020\/11\/fon-kumas-perde-ve-lazer-stor-lazer-kesim-perde-modelleri-fon-tul-brillant-delikli-laser-cut-blinds-lazer-kesimli-tac-linens_18\/3930512273.jpg\" class=\"fg-image\" \/><\/span><\/a><figcaption class=\"fg-caption\"><div class=\"fg-caption-inner\"><\/div><\/figcaption><\/figure><div class=\"fg-loader\"><\/div><\/div><div class=\"fg-item\"><figure class=\"fg-item-inner\"><a href=\"https:\/\/perdeci.net\/lazer-perdeler\/wp-content\/uploads\/2020\/11\/fon-kumas-perde-ve-lazer-stor-lazer-kesim-perde-modelleri-fon-tul-brillant-delikli-laser-cut-blinds-lazer-kesimli-tac-linens_19.jpg\" data-attachment-id=\"919\" class=\"fg-thumb\"><span class=\"fg-image-wrap\"><img width=\"300\" height=\"300\" data-src-fg=\"https:\/\/perdeci.net\/lazer-perdeler\/wp-content\/uploads\/cache\/2020\/11\/fon-kumas-perde-ve-lazer-stor-lazer-kesim-perde-modelleri-fon-tul-brillant-delikli-laser-cut-blinds-lazer-kesimli-tac-linens_19\/2647109299.jpg\" class=\"fg-image\" \/><\/span><\/a><figcaption class=\"fg-caption\"><div class=\"fg-caption-inner\"><\/div><\/figcaption><\/figure><div class=\"fg-loader\"><\/div><\/div><div class=\"fg-item\"><figure class=\"fg-item-inner\"><a href=\"https:\/\/perdeci.net\/lazer-perdeler\/wp-content\/uploads\/2020\/11\/fon-kumas-perde-ve-lazer-stor-lazer-kesim-perde-modelleri-fon-tul-brillant-delikli-laser-cut-blinds-lazer-kesimli-tac-linens_20.jpg\" data-attachment-id=\"920\" class=\"fg-thumb\"><span class=\"fg-image-wrap\"><img width=\"300\" height=\"300\" data-src-fg=\"https:\/\/perdeci.net\/lazer-perdeler\/wp-content\/uploads\/cache\/2020\/11\/fon-kumas-perde-ve-lazer-stor-lazer-kesim-perde-modelleri-fon-tul-brillant-delikli-laser-cut-blinds-lazer-kesimli-tac-linens_20\/1155938801.jpg\" class=\"fg-image\" \/><\/span><\/a><figcaption class=\"fg-caption\"><div class=\"fg-caption-inner\"><\/div><\/figcaption><\/figure><div class=\"fg-loader\"><\/div><\/div><div class=\"fg-item\"><figure class=\"fg-item-inner\"><a href=\"https:\/\/perdeci.net\/lazer-perdeler\/wp-content\/uploads\/2020\/11\/fon-kumas-perde-ve-lazer-stor-lazer-kesim-perde-modelleri-fon-tul-brillant-delikli-laser-cut-blinds-lazer-kesimli-tac-linens_21.jpg\" data-attachment-id=\"921\" class=\"fg-thumb\"><span class=\"fg-image-wrap\"><img width=\"300\" height=\"300\" data-src-fg=\"https:\/\/perdeci.net\/lazer-perdeler\/wp-content\/uploads\/cache\/2020\/11\/fon-kumas-perde-ve-lazer-stor-lazer-kesim-perde-modelleri-fon-tul-brillant-delikli-laser-cut-blinds-lazer-kesimli-tac-linens_21\/862407891.jpg\" class=\"fg-image\" \/><\/span><\/a><figcaption class=\"fg-caption\"><div class=\"fg-caption-inner\"><\/div><\/figcaption><\/figure><div class=\"fg-loader\"><\/div><\/div><div class=\"fg-item\"><figure class=\"fg-item-inner\"><a href=\"https:\/\/perdeci.net\/lazer-perdeler\/wp-content\/uploads\/2020\/11\/fon-kumas-perde-ve-lazer-stor-lazer-kesim-perde-modelleri-fon-tul-brillant-delikli-laser-cut-blinds-lazer-kesimli-tac-linens_22.jpg\" data-attachment-id=\"922\" class=\"fg-thumb\"><span class=\"fg-image-wrap\"><img width=\"300\" height=\"300\" data-src-fg=\"https:\/\/perdeci.net\/lazer-perdeler\/wp-content\/uploads\/cache\/2020\/11\/fon-kumas-perde-ve-lazer-stor-lazer-kesim-perde-modelleri-fon-tul-brillant-delikli-laser-cut-blinds-lazer-kesimli-tac-linens_22\/2883900341.jpg\" class=\"fg-image\" \/><\/span><\/a><figcaption class=\"fg-caption\"><div class=\"fg-caption-inner\"><\/div><\/figcaption><\/figure><div class=\"fg-loader\"><\/div><\/div><div class=\"fg-item\"><figure class=\"fg-item-inner\"><a href=\"https:\/\/perdeci.net\/lazer-perdeler\/wp-content\/uploads\/2020\/11\/fon-kumas-perde-ve-lazer-stor-lazer-kesim-perde-modelleri-fon-tul-brillant-delikli-laser-cut-blinds-lazer-kesimli-tac-linens_23.jpg\" data-attachment-id=\"923\" class=\"fg-thumb\"><span class=\"fg-image-wrap\"><img width=\"300\" height=\"300\" data-src-fg=\"https:\/\/perdeci.net\/lazer-perdeler\/wp-content\/uploads\/cache\/2020\/11\/fon-kumas-perde-ve-lazer-stor-lazer-kesim-perde-modelleri-fon-tul-brillant-delikli-laser-cut-blinds-lazer-kesimli-tac-linens_23\/3697649303.jpg\" class=\"fg-image\" \/><\/span><\/a><figcaption class=\"fg-caption\"><div class=\"fg-caption-inner\"><\/div><\/figcaption><\/figure><div class=\"fg-loader\"><\/div><\/div><\/div>\r\n\n<p>[\/vc_column_text][\/vc_column][\/vc_row]<\/p>\n","protected":false},"excerpt":{"rendered":"<p>[vc_row one_page_section=&#8221;yes&#8221; one_page_label=&#8221;home&#8221; one_page_slug=&#8221;home&#8221; css=&#8221;.vc_custom_1603671703381{margin-bottom: 0px !important;}&#8221;][vc_column][rev_slider_vc alias=&#8221;welcome&#8221;][\/vc_column][\/vc_row][vc_row full_width=&#8221;stretch_row&#8221; one_page_section=&#8221;yes&#8221; css=&#8221;.vc_custom_1603670715773{margin-bottom: 0px !important;padding-top: 140px !important;padding-bottom: 140px !important;background-color: #f4f4f6 !important;}&#8221;][vc_column][vc_column_text]<\/p>\n<p>Lazer Stor Fon Perde<\/p>\n<p>T\u00fcrkiye\u2019nin en g\u00fczel LAZER KES\u0130ML\u0130 STOR PERDE \u0130MALAT\u00c7ISI OLARAK<\/p>\n<p>size \u00f6zel tasar\u0131mlar \u00fcretiyoruz. bize whatsapp dan pencere foto\u011fraf\u0131n\u0131z\u0131 veya \u00f6l\u00e7\u00fcleriniz yollay\u0131n\u0131z<\/p>\n<p>hem fiyat hemde fikir alabilirsiniz.. whatsapp 0553 833 93 53<\/p>\n<p>Di\u011fer T\u00fcm Perde \u00c7e\u015fitlerini G\u00f6rmek \u0130\u00e7in Bu Linki T\u0131klay\u0131n\u0131z..<\/p>\n<p>[\/vc_column_text][\/vc_column][\/vc_row][vc_row css=&#8221;.vc_custom_1603751348217{padding-left: 20px !important;}&#8221;][vc_column][vc_column_text]<\/p>\n<p>[\/vc_column_text][\/vc_column][\/vc_row]<\/p>\n","protected":false},"author":1,"featured_media":0,"parent":0,"menu_order":0,"comment_status":"closed","ping_status":"closed","template":"","meta":[],"_links":{"self":[{"href":"https:\/\/perdeci.net\/lazer-perdeler\/wp-json\/wp\/v2\/pages\/227"}],"collection":[{"href":"https:\/\/perdeci.net\/lazer-perdeler\/wp-json\/wp\/v2\/pages"}],"about":[{"href":"https:\/\/perdeci.net\/lazer-perdeler\/wp-json\/wp\/v2\/types\/page"}],"author":[{"embeddable":true,"href":"https:\/\/perdeci.net\/lazer-perdeler\/wp-json\/wp\/v2\/users\/1"}],"replies":[{"embeddable":true,"href":"https:\/\/perdeci.net\/lazer-perdeler\/wp-json\/wp\/v2\/comments?post=227"}],"version-history":[{"count":5,"href":"https:\/\/perdeci.net\/lazer-perdeler\/wp-json\/wp\/v2\/pages\/227\/revisions"}],"predecessor-version":[{"id":1677,"href":"https:\/\/perdeci.net\/lazer-perdeler\/wp-json\/wp\/v2\/pages\/227\/revisions\/1677"}],"wp:attachment":[{"href":"https:\/\/perdeci.net\/lazer-perdeler\/wp-json\/wp\/v2\/media?parent=227"}],"curies":[{"name":"wp","href":"https:\/\/api.w.org\/{rel}","templated":true}]}}