{"id":215,"date":"2020-10-28T22:47:37","date_gmt":"2020-10-28T19:47:37","guid":{"rendered":"https:\/\/perdeci.net\/lazer-perdeler\/?page_id=215"},"modified":"2020-11-08T17:57:09","modified_gmt":"2020-11-08T14:57:09","slug":"lazer-japon-panel-perde","status":"publish","type":"page","link":"https:\/\/perdeci.net\/lazer-perdeler\/lazer-japon-panel-perde\/","title":{"rendered":"Lazer Japon Panel Perde"},"content":{"rendered":"<p>[vc_row one_page_section=&#8221;yes&#8221; one_page_label=&#8221;home&#8221; one_page_slug=&#8221;home&#8221; css=&#8221;.vc_custom_1603671703381{margin-bottom: 0px !important;}&#8221;][vc_column][rev_slider_vc alias=&#8221;welcome&#8221;][\/vc_column][\/vc_row][vc_row full_width=&#8221;stretch_row&#8221; one_page_section=&#8221;yes&#8221; css=&#8221;.vc_custom_1603670715773{margin-bottom: 0px !important;padding-top: 140px !important;padding-bottom: 140px !important;background-color: #f4f4f6 !important;}&#8221;][vc_column][vc_column_text]<\/p>\n<h2 style=\"color: #35373e; font-size: 40px; margin-bottom: 26px;\">Lazer Japon Panel Perde<\/h2>\n<p>T\u00fcrkiye\u2019nin en g\u00fczel LAZER KES\u0130ML\u0130 STOR PERDE \u0130MALAT\u00c7ISI OLARAK<\/p>\n<p>size \u00f6zel tasar\u0131mlar \u00fcretiyoruz. bize whatsapp dan pencere foto\u011fraf\u0131n\u0131z\u0131 veya \u00f6l\u00e7\u00fcleriniz yollay\u0131n\u0131z<\/p>\n<p>hem fiyat hemde fikir alabilirsiniz.. whatsapp 0553 833 93 53<\/p>\n<p><strong><span style=\"color: #ff0000;\"><a style=\"color: #ff0000;\" href=\"http:\/\/www.perdeci.net\">Di\u011fer T\u00fcm Perde \u00c7e\u015fitlerini G\u00f6rmek \u0130\u00e7in Bu Linki T\u0131klay\u0131n\u0131z..<\/a><\/span><\/strong><\/p>\n<p><a href=\"http:\/\/www.perdeci.net\"><img loading=\"lazy\" class=\"alignnone size-medium wp-image-1642\" src=\"https:\/\/perdeci.net\/lazer-perdeler\/wp-content\/uploads\/2020\/11\/perdecinet-lazer-300x63.png\" alt=\"\" width=\"300\" height=\"63\" srcset=\"https:\/\/perdeci.net\/lazer-perdeler\/wp-content\/uploads\/2020\/11\/perdecinet-lazer-300x63.png 300w, https:\/\/perdeci.net\/lazer-perdeler\/wp-content\/uploads\/2020\/11\/perdecinet-lazer-1024x214.png 1024w, https:\/\/perdeci.net\/lazer-perdeler\/wp-content\/uploads\/2020\/11\/perdecinet-lazer-768x160.png 768w, https:\/\/perdeci.net\/lazer-perdeler\/wp-content\/uploads\/2020\/11\/perdecinet-lazer.png 1131w\" sizes=\"(max-width: 300px) 100vw, 300px\" \/><\/a>[\/vc_column_text][\/vc_column][\/vc_row][vc_row css=&#8221;.vc_custom_1603751348217{padding-left: 20px !important;}&#8221;][vc_column][vc_column_text]<\/p>\n<div class=\"foogallery foogallery-container foogallery-default foogallery-lightbox-foobox fg-gutter-10 fg-center fg-default fg-light fg-border-thin fg-shadow-outline fg-loading-default fg-loaded-fade-in fg-caption-hover fg-hover-fade fg-hover-zoom\" id=\"foogallery-gallery-1285\" data-foogallery=\"{&quot;item&quot;:{&quot;showCaptionTitle&quot;:true,&quot;showCaptionDescription&quot;:true},&quot;lazy&quot;:true,&quot;src&quot;:&quot;data-src-fg&quot;,&quot;srcset&quot;:&quot;data-srcset-fg&quot;}\" data-fg-common-fields=\"1\" >\r\n\t<div class=\"fg-item\"><figure class=\"fg-item-inner\"><a href=\"https:\/\/perdeci.net\/lazer-perdeler\/wp-content\/uploads\/2020\/11\/lazer-panel-japon-perde-lazer-kesim-perde-modelleri-fon-tul-brillant-delikli-laser-cut-blinds-lazer-kesimli-tac-_1-1.jpg\" data-attachment-id=\"1286\" class=\"fg-thumb\"><span class=\"fg-image-wrap\"><img width=\"300\" height=\"300\" data-src-fg=\"https:\/\/perdeci.net\/lazer-perdeler\/wp-content\/uploads\/cache\/2020\/11\/lazer-panel-japon-perde-lazer-kesim-perde-modelleri-fon-tul-brillant-delikli-laser-cut-blinds-lazer-kesimli-tac-_1-1\/4038663192.jpg\" class=\"fg-image\" \/><\/span><\/a><figcaption class=\"fg-caption\"><div class=\"fg-caption-inner\"><\/div><\/figcaption><\/figure><div class=\"fg-loader\"><\/div><\/div><div class=\"fg-item\"><figure class=\"fg-item-inner\"><a href=\"https:\/\/perdeci.net\/lazer-perdeler\/wp-content\/uploads\/2020\/11\/lazer-panel-japon-perde-lazer-kesim-perde-modelleri-fon-tul-brillant-delikli-laser-cut-blinds-lazer-kesimli-tac-_2-1.jpg\" data-attachment-id=\"1287\" class=\"fg-thumb\"><span class=\"fg-image-wrap\"><img width=\"300\" height=\"300\" data-src-fg=\"https:\/\/perdeci.net\/lazer-perdeler\/wp-content\/uploads\/cache\/2020\/11\/lazer-panel-japon-perde-lazer-kesim-perde-modelleri-fon-tul-brillant-delikli-laser-cut-blinds-lazer-kesimli-tac-_2-1\/2945402539.jpg\" class=\"fg-image\" \/><\/span><\/a><figcaption class=\"fg-caption\"><div class=\"fg-caption-inner\"><\/div><\/figcaption><\/figure><div class=\"fg-loader\"><\/div><\/div><div class=\"fg-item\"><figure class=\"fg-item-inner\"><a href=\"https:\/\/perdeci.net\/lazer-perdeler\/wp-content\/uploads\/2020\/11\/lazer-panel-japon-perde-lazer-kesim-perde-modelleri-fon-tul-brillant-delikli-laser-cut-blinds-lazer-kesimli-tac-linens-1.jpg\" data-attachment-id=\"1288\" class=\"fg-thumb\"><span class=\"fg-image-wrap\"><img width=\"300\" height=\"300\" data-src-fg=\"https:\/\/perdeci.net\/lazer-perdeler\/wp-content\/uploads\/cache\/2020\/11\/lazer-panel-japon-perde-lazer-kesim-perde-modelleri-fon-tul-brillant-delikli-laser-cut-blinds-lazer-kesimli-tac-linens-1\/2439646317.jpg\" class=\"fg-image\" \/><\/span><\/a><figcaption class=\"fg-caption\"><div class=\"fg-caption-inner\"><\/div><\/figcaption><\/figure><div class=\"fg-loader\"><\/div><\/div><div class=\"fg-item\"><figure class=\"fg-item-inner\"><a href=\"https:\/\/perdeci.net\/lazer-perdeler\/wp-content\/uploads\/2020\/11\/lazer-panel-japon-perde-lazer-kesim-perde-modelleri-fon-tul-brillant-delikli-laser-cut-blinds-lazer-kesimli-tac-linens_01-1.jpg\" data-attachment-id=\"1289\" class=\"fg-thumb\"><span class=\"fg-image-wrap\"><img width=\"300\" height=\"300\" data-src-fg=\"https:\/\/perdeci.net\/lazer-perdeler\/wp-content\/uploads\/cache\/2020\/11\/lazer-panel-japon-perde-lazer-kesim-perde-modelleri-fon-tul-brillant-delikli-laser-cut-blinds-lazer-kesimli-tac-linens_01-1\/332102032.jpg\" class=\"fg-image\" \/><\/span><\/a><figcaption class=\"fg-caption\"><div class=\"fg-caption-inner\"><\/div><\/figcaption><\/figure><div class=\"fg-loader\"><\/div><\/div><div class=\"fg-item\"><figure class=\"fg-item-inner\"><a href=\"https:\/\/perdeci.net\/lazer-perdeler\/wp-content\/uploads\/2020\/11\/lazer-panel-japon-perde-lazer-kesim-perde-modelleri-fon-tul-brillant-delikli-laser-cut-blinds-lazer-kesimli-tac-linens_02-1.jpg\" data-attachment-id=\"1290\" class=\"fg-thumb\"><span class=\"fg-image-wrap\"><img width=\"300\" height=\"300\" data-src-fg=\"https:\/\/perdeci.net\/lazer-perdeler\/wp-content\/uploads\/cache\/2020\/11\/lazer-panel-japon-perde-lazer-kesim-perde-modelleri-fon-tul-brillant-delikli-laser-cut-blinds-lazer-kesimli-tac-linens_02-1\/178456079.jpg\" class=\"fg-image\" \/><\/span><\/a><figcaption class=\"fg-caption\"><div class=\"fg-caption-inner\"><\/div><\/figcaption><\/figure><div class=\"fg-loader\"><\/div><\/div><div class=\"fg-item\"><figure class=\"fg-item-inner\"><a href=\"https:\/\/perdeci.net\/lazer-perdeler\/wp-content\/uploads\/2020\/11\/lazer-panel-japon-perde-lazer-kesim-perde-modelleri-fon-tul-brillant-delikli-laser-cut-blinds-lazer-kesimli-tac-linens_03-1.jpg\" data-attachment-id=\"1291\" class=\"fg-thumb\"><span class=\"fg-image-wrap\"><img width=\"300\" height=\"300\" data-src-fg=\"https:\/\/perdeci.net\/lazer-perdeler\/wp-content\/uploads\/cache\/2020\/11\/lazer-panel-japon-perde-lazer-kesim-perde-modelleri-fon-tul-brillant-delikli-laser-cut-blinds-lazer-kesimli-tac-linens_03-1\/3078363851.jpg\" class=\"fg-image\" \/><\/span><\/a><figcaption class=\"fg-caption\"><div class=\"fg-caption-inner\"><\/div><\/figcaption><\/figure><div class=\"fg-loader\"><\/div><\/div><div class=\"fg-item\"><figure class=\"fg-item-inner\"><a href=\"https:\/\/perdeci.net\/lazer-perdeler\/wp-content\/uploads\/2020\/11\/lazer-panel-japon-perde-lazer-kesim-perde-modelleri-fon-tul-brillant-delikli-laser-cut-blinds-lazer-kesimli-tac-linens_04-1.jpg\" data-attachment-id=\"1292\" class=\"fg-thumb\"><span class=\"fg-image-wrap\"><img width=\"300\" height=\"300\" data-src-fg=\"https:\/\/perdeci.net\/lazer-perdeler\/wp-content\/uploads\/cache\/2020\/11\/lazer-panel-japon-perde-lazer-kesim-perde-modelleri-fon-tul-brillant-delikli-laser-cut-blinds-lazer-kesimli-tac-linens_04-1\/2743572924.jpg\" class=\"fg-image\" \/><\/span><\/a><figcaption class=\"fg-caption\"><div class=\"fg-caption-inner\"><\/div><\/figcaption><\/figure><div class=\"fg-loader\"><\/div><\/div><div class=\"fg-item\"><figure class=\"fg-item-inner\"><a href=\"https:\/\/perdeci.net\/lazer-perdeler\/wp-content\/uploads\/2020\/11\/lazer-panel-japon-perde-lazer-kesim-perde-modelleri-fon-tul-brillant-delikli-laser-cut-blinds-lazer-kesimli-tac-linens_05-1.jpg\" data-attachment-id=\"1293\" class=\"fg-thumb\"><span class=\"fg-image-wrap\"><img width=\"300\" height=\"300\" data-src-fg=\"https:\/\/perdeci.net\/lazer-perdeler\/wp-content\/uploads\/cache\/2020\/11\/lazer-panel-japon-perde-lazer-kesim-perde-modelleri-fon-tul-brillant-delikli-laser-cut-blinds-lazer-kesimli-tac-linens_05-1\/509117816.jpg\" class=\"fg-image\" \/><\/span><\/a><figcaption class=\"fg-caption\"><div class=\"fg-caption-inner\"><\/div><\/figcaption><\/figure><div class=\"fg-loader\"><\/div><\/div><div class=\"fg-item\"><figure class=\"fg-item-inner\"><a href=\"https:\/\/perdeci.net\/lazer-perdeler\/wp-content\/uploads\/2020\/11\/lazer-panel-japon-perde-lazer-kesim-perde-modelleri-fon-tul-brillant-delikli-laser-cut-blinds-lazer-kesimli-tac-linens_06-1.jpg\" data-attachment-id=\"1294\" class=\"fg-thumb\"><span class=\"fg-image-wrap\"><img width=\"300\" height=\"300\" data-src-fg=\"https:\/\/perdeci.net\/lazer-perdeler\/wp-content\/uploads\/cache\/2020\/11\/lazer-panel-japon-perde-lazer-kesim-perde-modelleri-fon-tul-brillant-delikli-laser-cut-blinds-lazer-kesimli-tac-linens_06-1\/2420932572.jpg\" class=\"fg-image\" \/><\/span><\/a><figcaption class=\"fg-caption\"><div class=\"fg-caption-inner\"><\/div><\/figcaption><\/figure><div class=\"fg-loader\"><\/div><\/div><div class=\"fg-item\"><figure class=\"fg-item-inner\"><a href=\"https:\/\/perdeci.net\/lazer-perdeler\/wp-content\/uploads\/2020\/11\/lazer-panel-japon-perde-lazer-kesim-perde-modelleri-fon-tul-brillant-delikli-laser-cut-blinds-lazer-kesimli-tac-linens_07-1.jpg\" data-attachment-id=\"1295\" class=\"fg-thumb\"><span class=\"fg-image-wrap\"><img width=\"300\" height=\"300\" data-src-fg=\"https:\/\/perdeci.net\/lazer-perdeler\/wp-content\/uploads\/cache\/2020\/11\/lazer-panel-japon-perde-lazer-kesim-perde-modelleri-fon-tul-brillant-delikli-laser-cut-blinds-lazer-kesimli-tac-linens_07-1\/764633880.jpg\" class=\"fg-image\" \/><\/span><\/a><figcaption class=\"fg-caption\"><div class=\"fg-caption-inner\"><\/div><\/figcaption><\/figure><div class=\"fg-loader\"><\/div><\/div><div class=\"fg-item\"><figure class=\"fg-item-inner\"><a href=\"https:\/\/perdeci.net\/lazer-perdeler\/wp-content\/uploads\/2020\/11\/lazer-panel-japon-perde-lazer-kesim-perde-modelleri-fon-tul-brillant-delikli-laser-cut-blinds-lazer-kesimli-tac-linens_08-1.jpg\" data-attachment-id=\"1296\" class=\"fg-thumb\"><span class=\"fg-image-wrap\"><img width=\"300\" height=\"300\" data-src-fg=\"https:\/\/perdeci.net\/lazer-perdeler\/wp-content\/uploads\/cache\/2020\/11\/lazer-panel-japon-perde-lazer-kesim-perde-modelleri-fon-tul-brillant-delikli-laser-cut-blinds-lazer-kesimli-tac-linens_08-1\/717201563.jpg\" class=\"fg-image\" \/><\/span><\/a><figcaption class=\"fg-caption\"><div class=\"fg-caption-inner\"><\/div><\/figcaption><\/figure><div class=\"fg-loader\"><\/div><\/div><div class=\"fg-item\"><figure class=\"fg-item-inner\"><a href=\"https:\/\/perdeci.net\/lazer-perdeler\/wp-content\/uploads\/2020\/11\/lazer-panel-japon-perde-lazer-kesim-perde-modelleri-fon-tul-brillant-delikli-laser-cut-blinds-lazer-kesimli-tac-linens_09-1.jpg\" data-attachment-id=\"1297\" class=\"fg-thumb\"><span class=\"fg-image-wrap\"><img width=\"300\" height=\"300\" data-src-fg=\"https:\/\/perdeci.net\/lazer-perdeler\/wp-content\/uploads\/cache\/2020\/11\/lazer-panel-japon-perde-lazer-kesim-perde-modelleri-fon-tul-brillant-delikli-laser-cut-blinds-lazer-kesimli-tac-linens_09-1\/2539699295.jpg\" class=\"fg-image\" \/><\/span><\/a><figcaption class=\"fg-caption\"><div class=\"fg-caption-inner\"><\/div><\/figcaption><\/figure><div class=\"fg-loader\"><\/div><\/div><div class=\"fg-item\"><figure class=\"fg-item-inner\"><a href=\"https:\/\/perdeci.net\/lazer-perdeler\/wp-content\/uploads\/2020\/11\/lazer-panel-japon-perde-lazer-kesim-perde-modelleri-fon-tul-brillant-delikli-laser-cut-blinds-lazer-kesimli-tac-linens_10-1.jpg\" data-attachment-id=\"1298\" class=\"fg-thumb\"><span class=\"fg-image-wrap\"><img width=\"300\" height=\"300\" data-src-fg=\"https:\/\/perdeci.net\/lazer-perdeler\/wp-content\/uploads\/cache\/2020\/11\/lazer-panel-japon-perde-lazer-kesim-perde-modelleri-fon-tul-brillant-delikli-laser-cut-blinds-lazer-kesimli-tac-linens_10-1\/849394913.jpg\" class=\"fg-image\" \/><\/span><\/a><figcaption class=\"fg-caption\"><div class=\"fg-caption-inner\"><\/div><\/figcaption><\/figure><div class=\"fg-loader\"><\/div><\/div><div class=\"fg-item\"><figure class=\"fg-item-inner\"><a href=\"https:\/\/perdeci.net\/lazer-perdeler\/wp-content\/uploads\/2020\/11\/lazer-panel-japon-perde-lazer-kesim-perde-modelleri-fon-tul-brillant-delikli-laser-cut-blinds-lazer-kesimli-tac-linens_11-1.jpg\" data-attachment-id=\"1299\" class=\"fg-thumb\"><span class=\"fg-image-wrap\"><img width=\"300\" height=\"300\" data-src-fg=\"https:\/\/perdeci.net\/lazer-perdeler\/wp-content\/uploads\/cache\/2020\/11\/lazer-panel-japon-perde-lazer-kesim-perde-modelleri-fon-tul-brillant-delikli-laser-cut-blinds-lazer-kesimli-tac-linens_11-1\/2407505957.jpg\" class=\"fg-image\" \/><\/span><\/a><figcaption class=\"fg-caption\"><div class=\"fg-caption-inner\"><\/div><\/figcaption><\/figure><div class=\"fg-loader\"><\/div><\/div><div class=\"fg-item\"><figure class=\"fg-item-inner\"><a href=\"https:\/\/perdeci.net\/lazer-perdeler\/wp-content\/uploads\/2020\/11\/lazer-panel-japon-perde-lazer-kesim-perde-modelleri-fon-tul-brillant-delikli-laser-cut-blinds-lazer-kesimli-tac-linens_12-1.jpg\" data-attachment-id=\"1300\" class=\"fg-thumb\"><span class=\"fg-image-wrap\"><img width=\"300\" height=\"300\" data-src-fg=\"https:\/\/perdeci.net\/lazer-perdeler\/wp-content\/uploads\/cache\/2020\/11\/lazer-panel-japon-perde-lazer-kesim-perde-modelleri-fon-tul-brillant-delikli-laser-cut-blinds-lazer-kesimli-tac-linens_12-1\/845568356.jpg\" class=\"fg-image\" \/><\/span><\/a><figcaption class=\"fg-caption\"><div class=\"fg-caption-inner\"><\/div><\/figcaption><\/figure><div class=\"fg-loader\"><\/div><\/div><div class=\"fg-item\"><figure class=\"fg-item-inner\"><a href=\"https:\/\/perdeci.net\/lazer-perdeler\/wp-content\/uploads\/2020\/11\/lazer-panel-japon-perde-lazer-kesim-perde-modelleri-fon-tul-brillant-delikli-laser-cut-blinds-lazer-kesimli-tac-linens_14-1.jpg\" data-attachment-id=\"1301\" class=\"fg-thumb\"><span class=\"fg-image-wrap\"><img width=\"300\" height=\"300\" data-src-fg=\"https:\/\/perdeci.net\/lazer-perdeler\/wp-content\/uploads\/cache\/2020\/11\/lazer-panel-japon-perde-lazer-kesim-perde-modelleri-fon-tul-brillant-delikli-laser-cut-blinds-lazer-kesimli-tac-linens_14-1\/1835359961.jpg\" class=\"fg-image\" \/><\/span><\/a><figcaption class=\"fg-caption\"><div class=\"fg-caption-inner\"><\/div><\/figcaption><\/figure><div class=\"fg-loader\"><\/div><\/div><div class=\"fg-item\"><figure class=\"fg-item-inner\"><a href=\"https:\/\/perdeci.net\/lazer-perdeler\/wp-content\/uploads\/2020\/11\/lazer-panel-japon-perde-lazer-kesim-perde-modelleri-fon-tul-brillant-delikli-laser-cut-blinds-lazer-kesimli-tac-linens_15-1.jpg\" data-attachment-id=\"1302\" class=\"fg-thumb\"><span class=\"fg-image-wrap\"><img width=\"300\" height=\"300\" data-src-fg=\"https:\/\/perdeci.net\/lazer-perdeler\/wp-content\/uploads\/cache\/2020\/11\/lazer-panel-japon-perde-lazer-kesim-perde-modelleri-fon-tul-brillant-delikli-laser-cut-blinds-lazer-kesimli-tac-linens_15-1\/1954590185.jpg\" class=\"fg-image\" \/><\/span><\/a><figcaption class=\"fg-caption\"><div class=\"fg-caption-inner\"><\/div><\/figcaption><\/figure><div class=\"fg-loader\"><\/div><\/div><div class=\"fg-item\"><figure class=\"fg-item-inner\"><a href=\"https:\/\/perdeci.net\/lazer-perdeler\/wp-content\/uploads\/2020\/11\/lazer-panel-japon-perde-lazer-kesim-perde-modelleri-fon-tul-brillant-delikli-laser-cut-blinds-lazer-kesimli-tac-linens_16-1.jpg\" data-attachment-id=\"1303\" class=\"fg-thumb\"><span class=\"fg-image-wrap\"><img width=\"300\" height=\"300\" data-src-fg=\"https:\/\/perdeci.net\/lazer-perdeler\/wp-content\/uploads\/cache\/2020\/11\/lazer-panel-japon-perde-lazer-kesim-perde-modelleri-fon-tul-brillant-delikli-laser-cut-blinds-lazer-kesimli-tac-linens_16-1\/3450495248.jpg\" class=\"fg-image\" \/><\/span><\/a><figcaption class=\"fg-caption\"><div class=\"fg-caption-inner\"><\/div><\/figcaption><\/figure><div class=\"fg-loader\"><\/div><\/div><div class=\"fg-item\"><figure class=\"fg-item-inner\"><a href=\"https:\/\/perdeci.net\/lazer-perdeler\/wp-content\/uploads\/2020\/11\/lazer-panel-japon-perde-lazer-kesim-perde-modelleri-fon-tul-brillant-delikli-laser-cut-blinds-lazer-kesimli-tac-linens_17-1.jpg\" data-attachment-id=\"1304\" class=\"fg-thumb\"><span class=\"fg-image-wrap\"><img width=\"300\" height=\"300\" data-src-fg=\"https:\/\/perdeci.net\/lazer-perdeler\/wp-content\/uploads\/cache\/2020\/11\/lazer-panel-japon-perde-lazer-kesim-perde-modelleri-fon-tul-brillant-delikli-laser-cut-blinds-lazer-kesimli-tac-linens_17-1\/1196116873.jpg\" class=\"fg-image\" \/><\/span><\/a><figcaption class=\"fg-caption\"><div class=\"fg-caption-inner\"><\/div><\/figcaption><\/figure><div class=\"fg-loader\"><\/div><\/div><div class=\"fg-item\"><figure class=\"fg-item-inner\"><a href=\"https:\/\/perdeci.net\/lazer-perdeler\/wp-content\/uploads\/2020\/11\/lazer-panel-japon-perde-lazer-kesim-perde-modelleri-fon-tul-brillant-delikli-laser-cut-blinds-lazer-kesimli-tac-linens_19-1.jpg\" data-attachment-id=\"1305\" class=\"fg-thumb\"><span class=\"fg-image-wrap\"><img width=\"300\" height=\"300\" data-src-fg=\"https:\/\/perdeci.net\/lazer-perdeler\/wp-content\/uploads\/cache\/2020\/11\/lazer-panel-japon-perde-lazer-kesim-perde-modelleri-fon-tul-brillant-delikli-laser-cut-blinds-lazer-kesimli-tac-linens_19-1\/194972864.jpg\" class=\"fg-image\" \/><\/span><\/a><figcaption class=\"fg-caption\"><div class=\"fg-caption-inner\"><\/div><\/figcaption><\/figure><div class=\"fg-loader\"><\/div><\/div><div class=\"fg-item\"><figure class=\"fg-item-inner\"><a href=\"https:\/\/perdeci.net\/lazer-perdeler\/wp-content\/uploads\/2020\/11\/lazer-panel-japon-perde-lazer-kesim-perde-modelleri-fon-tul-brillant-delikli-laser-cut-blinds-lazer-kesimli-tac-linens_22-1.jpg\" data-attachment-id=\"1306\" class=\"fg-thumb\"><span class=\"fg-image-wrap\"><img width=\"300\" height=\"300\" data-src-fg=\"https:\/\/perdeci.net\/lazer-perdeler\/wp-content\/uploads\/cache\/2020\/11\/lazer-panel-japon-perde-lazer-kesim-perde-modelleri-fon-tul-brillant-delikli-laser-cut-blinds-lazer-kesimli-tac-linens_22-1\/2629437752.jpg\" class=\"fg-image\" \/><\/span><\/a><figcaption class=\"fg-caption\"><div class=\"fg-caption-inner\"><\/div><\/figcaption><\/figure><div class=\"fg-loader\"><\/div><\/div><div class=\"fg-item\"><figure class=\"fg-item-inner\"><a href=\"https:\/\/perdeci.net\/lazer-perdeler\/wp-content\/uploads\/2020\/11\/lazer-panel-japon-perde-lazer-kesim-perde-modelleri-fon-tul-brillant-delikli-laser-cut-blinds-lazer-kesimli-tac-linens_24-1.jpg\" data-attachment-id=\"1307\" class=\"fg-thumb\"><span class=\"fg-image-wrap\"><img width=\"300\" height=\"300\" data-src-fg=\"https:\/\/perdeci.net\/lazer-perdeler\/wp-content\/uploads\/cache\/2020\/11\/lazer-panel-japon-perde-lazer-kesim-perde-modelleri-fon-tul-brillant-delikli-laser-cut-blinds-lazer-kesimli-tac-linens_24-1\/3283684997.jpg\" class=\"fg-image\" \/><\/span><\/a><figcaption class=\"fg-caption\"><div class=\"fg-caption-inner\"><\/div><\/figcaption><\/figure><div class=\"fg-loader\"><\/div><\/div><\/div>\r\n\n<p>[\/vc_column_text][\/vc_column][\/vc_row]<\/p>\n","protected":false},"excerpt":{"rendered":"<p>[vc_row one_page_section=&#8221;yes&#8221; one_page_label=&#8221;home&#8221; one_page_slug=&#8221;home&#8221; css=&#8221;.vc_custom_1603671703381{margin-bottom: 0px !important;}&#8221;][vc_column][rev_slider_vc alias=&#8221;welcome&#8221;][\/vc_column][\/vc_row][vc_row full_width=&#8221;stretch_row&#8221; one_page_section=&#8221;yes&#8221; css=&#8221;.vc_custom_1603670715773{margin-bottom: 0px !important;padding-top: 140px !important;padding-bottom: 140px !important;background-color: #f4f4f6 !important;}&#8221;][vc_column][vc_column_text]<\/p>\n<p>Lazer Japon Panel Perde<\/p>\n<p>T\u00fcrkiye\u2019nin en g\u00fczel LAZER KES\u0130ML\u0130 STOR PERDE \u0130MALAT\u00c7ISI OLARAK<\/p>\n<p>size \u00f6zel tasar\u0131mlar \u00fcretiyoruz. bize whatsapp dan pencere foto\u011fraf\u0131n\u0131z\u0131 veya \u00f6l\u00e7\u00fcleriniz yollay\u0131n\u0131z<\/p>\n<p>hem fiyat hemde fikir alabilirsiniz.. whatsapp 0553 833 93 53<\/p>\n<p>Di\u011fer T\u00fcm Perde \u00c7e\u015fitlerini G\u00f6rmek \u0130\u00e7in Bu Linki T\u0131klay\u0131n\u0131z..<\/p>\n<p>[\/vc_column_text][\/vc_column][\/vc_row][vc_row css=&#8221;.vc_custom_1603751348217{padding-left: 20px !important;}&#8221;][vc_column][vc_column_text]<\/p>\n<p>[\/vc_column_text][\/vc_column][\/vc_row]<\/p>\n","protected":false},"author":1,"featured_media":0,"parent":0,"menu_order":0,"comment_status":"closed","ping_status":"closed","template":"","meta":[],"_links":{"self":[{"href":"https:\/\/perdeci.net\/lazer-perdeler\/wp-json\/wp\/v2\/pages\/215"}],"collection":[{"href":"https:\/\/perdeci.net\/lazer-perdeler\/wp-json\/wp\/v2\/pages"}],"about":[{"href":"https:\/\/perdeci.net\/lazer-perdeler\/wp-json\/wp\/v2\/types\/page"}],"author":[{"embeddable":true,"href":"https:\/\/perdeci.net\/lazer-perdeler\/wp-json\/wp\/v2\/users\/1"}],"replies":[{"embeddable":true,"href":"https:\/\/perdeci.net\/lazer-perdeler\/wp-json\/wp\/v2\/comments?post=215"}],"version-history":[{"count":7,"href":"https:\/\/perdeci.net\/lazer-perdeler\/wp-json\/wp\/v2\/pages\/215\/revisions"}],"predecessor-version":[{"id":1673,"href":"https:\/\/perdeci.net\/lazer-perdeler\/wp-json\/wp\/v2\/pages\/215\/revisions\/1673"}],"wp:attachment":[{"href":"https:\/\/perdeci.net\/lazer-perdeler\/wp-json\/wp\/v2\/media?parent=215"}],"curies":[{"name":"wp","href":"https:\/\/api.w.org\/{rel}","templated":true}]}}